{"id":23,"date":"2025-12-18T13:43:07","date_gmt":"2025-12-18T13:43:07","guid":{"rendered":"https:\/\/finance.belivedigital.com\/?page_id=23"},"modified":"2025-12-18T13:43:07","modified_gmt":"2025-12-18T13:43:07","slug":"sobre-nos","status":"publish","type":"page","link":"https:\/\/finance.belivedigital.com\/de\/sobre-nos\/","title":{"rendered":"\u00dcber uns"},"content":{"rendered":"<html><body><p>Lernen Sie finance.belivedigital kennen! Wir sind ein Portal f\u00fcr Finanzinformationen und hilfreiche Tipps. Unser Ziel ist es, Ihnen zuverl\u00e4ssige und aktuelle Nachrichten direkt aus den sichersten Quellen zu liefern, damit Sie stets bestens informiert sind. Folgen Sie uns und bleiben Sie \u00fcber alles Wichtige in der digitalen Welt auf dem Laufenden!<\/p>\n\n\n\n<p>Willkommen bei finance.belivedigital!<\/p>\n<\/body><\/html>","protected":false},"excerpt":{"rendered":"<p>Conhe\u00e7a o finance.belivedigital! Somos um portal dedicado a fornecer informa\u00e7\u00f5es sobre finan\u00e7as e diversas dicas. Nosso compromisso \u00e9 entregar not\u00edcias confi\u00e1veis \u200b\u200be atualizadas, diretamente das fontes mais seguras, para que voc\u00ea esteja sempre bem informado. Acompanhe nosso conte\u00fado e fique por dentro de tudo o que \u00e9 relevante no mundo digital! Bem-vindo ao finance.belivedigital!<\/p>","protected":false},"author":2,"featured_media":0,"parent":0,"menu_order":0,"comment_status":"closed","ping_status":"closed","template":"","meta":{"footnotes":""},"class_list":["post-23","page","type-page","status-publish","hentry"],"_links":{"self":[{"href":"https:\/\/finance.belivedigital.com\/de\/wp-json\/wp\/v2\/pages\/23","targetHints":{"allow":["GET"]}}],"collection":[{"href":"https:\/\/finance.belivedigital.com\/de\/wp-json\/wp\/v2\/pages"}],"about":[{"href":"https:\/\/finance.belivedigital.com\/de\/wp-json\/wp\/v2\/types\/page"}],"author":[{"embeddable":true,"href":"https:\/\/finance.belivedigital.com\/de\/wp-json\/wp\/v2\/users\/2"}],"replies":[{"embeddable":true,"href":"https:\/\/finance.belivedigital.com\/de\/wp-json\/wp\/v2\/comments?post=23"}],"version-history":[{"count":1,"href":"https:\/\/finance.belivedigital.com\/de\/wp-json\/wp\/v2\/pages\/23\/revisions"}],"predecessor-version":[{"id":24,"href":"https:\/\/finance.belivedigital.com\/de\/wp-json\/wp\/v2\/pages\/23\/revisions\/24"}],"wp:attachment":[{"href":"https:\/\/finance.belivedigital.com\/de\/wp-json\/wp\/v2\/media?parent=23"}],"curies":[{"name":"wp","href":"https:\/\/api.w.org\/{rel}","templated":true}]}}