{"id":28,"date":"2025-12-18T13:51:11","date_gmt":"2025-12-18T13:51:11","guid":{"rendered":"https:\/\/finance.belivedigital.com\/?page_id=28"},"modified":"2026-04-24T18:06:37","modified_gmt":"2026-04-24T18:06:37","slug":"termos-e-condicoes","status":"publish","type":"page","link":"https:\/\/finance.belivedigital.com\/de\/termos-e-condicoes\/","title":{"rendered":"Gesch\u00e4ftsbedingungen"},"content":{"rendered":"<html><body><p>Willkommen bei Finance Believe Digital. Durch den Zugriff auf unsere Website unter <strong><a href=\"https:\/\/finance.belivedigital.com\/de\/\" target=\"_blank\" rel=\"noreferrer noopener\">https:\/\/finance.belivedigital.com<\/a><\/strong>, Durch die Nutzung dieser Website erkl\u00e4ren Sie sich mit den folgenden Nutzungsbedingungen einverstanden. Sollten Sie mit einem Teil dieser Bedingungen nicht einverstanden sein, nutzen Sie bitte unsere Website nicht.<\/p>\n\n\n\n<h3 class=\"wp-block-heading\">1. Nutzung der Website<\/h3>\n\n\n\n<p>Sie stimmen zu, diese Website nur f\u00fcr rechtm\u00e4\u00dfige Zwecke und in einer Weise zu nutzen, die die Rechte anderer Personen nicht verletzt, deren Nutzung und Genuss der Website nicht einschr\u00e4nkt oder behindert.<\/p>\n\n\n\n<h3 class=\"wp-block-heading\">2. Geistiges Eigentum<\/h3>\n\n\n\n<p>Alle auf dieser Website ver\u00f6ffentlichten Inhalte, einschlie\u00dflich Texte, Grafiken, Logos, Bilder und andere Materialien, sind Eigentum von Finance Believe Digital oder seinen Inhaltsanbietern und sind durch internationale Urheberrechtsgesetze gesch\u00fctzt.<\/p>\n\n\n\n<p>Ohne unsere ausdr\u00fcckliche schriftliche Genehmigung d\u00fcrfen Sie keine Inhalte vervielf\u00e4ltigen, verbreiten oder anderweitig nutzen.<\/p>\n\n\n\n<h3 class=\"wp-block-heading\">3. Haftungsausschluss<\/h3>\n\n\n\n<p>Die auf dieser Website bereitgestellten Informationen dienen ausschlie\u00dflich allgemeinen Informationszwecken. Obwohl wir uns bem\u00fchen, die Inhalte korrekt und aktuell zu halten, \u00fcbernimmt Finance Belive Digital keinerlei Gew\u00e4hr f\u00fcr die Vollst\u00e4ndigkeit, Richtigkeit oder Zuverl\u00e4ssigkeit der Inhalte.<\/p>\n\n\n\n<p>Jegliche Handlungen, die Sie aufgrund der Informationen auf dieser Website vornehmen, erfolgen ausschlie\u00dflich auf Ihr eigenes Risiko.<\/p>\n\n\n\n<h3 class=\"wp-block-heading\">4. Haftungsbeschr\u00e4nkung<\/h3>\n\n\n\n<p>Finance Believe Digital \u00fcbernimmt keine Haftung f\u00fcr Verluste und\/oder Sch\u00e4den im Zusammenhang mit der Nutzung unserer Website.<\/p>\n\n\n\n<h3 class=\"wp-block-heading\">5. Links zu anderen Websites<\/h3>\n\n\n\n<p>Unsere Website kann Links zu externen Websites enthalten, die nicht von uns betrieben werden. Wir haben keine Kontrolle \u00fcber die Inhalte und Praktiken dieser Websites und \u00fcbernehmen keine Verantwortung f\u00fcr deren Datenschutzrichtlinien oder Nutzungsbedingungen.<\/p>\n\n\n\n<h3 class=\"wp-block-heading\">6. \u00c4nderungen dieser Bedingungen<\/h3>\n\n\n\n<p>Wir behalten uns das Recht vor, diese Nutzungsbedingungen jederzeit zu aktualisieren. \u00c4nderungen treten sofort nach Ver\u00f6ffentlichung auf dieser Seite in Kraft. Wir empfehlen Nutzern, diese Seite regelm\u00e4\u00dfig auf \u00c4nderungen zu \u00fcberpr\u00fcfen.<\/p>\n\n\n\n<h3 class=\"wp-block-heading\">7. Anwendbares Recht<\/h3>\n\n\n\n<p>Diese Bedingungen unterliegen den Gesetzen der Gerichtsbarkeit, in der Finance Belive Digital t\u00e4tig ist, und sind nach diesen auszulegen, ohne Ber\u00fccksichtigung der kollisionsrechtlichen Bestimmungen.<\/p>\n\n\n\n<h3 class=\"wp-block-heading\">8. Kontakt<\/h3>\n\n\n\n<p>Bei Fragen zu diesen Nutzungsbedingungen kontaktieren Sie uns bitte:<\/p>\n\n\n\n<p>\ud83d\udce7 E-Mail: contato@finance.belivedigital.com<\/p>\n<\/body><\/html>","protected":false},"excerpt":{"rendered":"<p>Bem-vindo \u00e0 Finance Belive Digital. Ao acessar nosso site em https:\/\/finance.belivedigital.com, voc\u00ea concorda em cumprir e estar vinculado aos seguintes termos e condi\u00e7\u00f5es. Se voc\u00ea discordar de qualquer parte destes termos, por favor, n\u00e3o utilize nosso site. 1. Uso do Site Voc\u00ea concorda em usar este site apenas para fins l\u00edcitos e de uma forma [&hellip;]<\/p>\n","protected":false},"author":2,"featured_media":0,"parent":0,"menu_order":0,"comment_status":"closed","ping_status":"closed","template":"","meta":{"footnotes":""},"class_list":["post-28","page","type-page","status-publish","hentry"],"_links":{"self":[{"href":"https:\/\/finance.belivedigital.com\/de\/wp-json\/wp\/v2\/pages\/28","targetHints":{"allow":["GET"]}}],"collection":[{"href":"https:\/\/finance.belivedigital.com\/de\/wp-json\/wp\/v2\/pages"}],"about":[{"href":"https:\/\/finance.belivedigital.com\/de\/wp-json\/wp\/v2\/types\/page"}],"author":[{"embeddable":true,"href":"https:\/\/finance.belivedigital.com\/de\/wp-json\/wp\/v2\/users\/2"}],"replies":[{"embeddable":true,"href":"https:\/\/finance.belivedigital.com\/de\/wp-json\/wp\/v2\/comments?post=28"}],"version-history":[{"count":3,"href":"https:\/\/finance.belivedigital.com\/de\/wp-json\/wp\/v2\/pages\/28\/revisions"}],"predecessor-version":[{"id":194,"href":"https:\/\/finance.belivedigital.com\/de\/wp-json\/wp\/v2\/pages\/28\/revisions\/194"}],"wp:attachment":[{"href":"https:\/\/finance.belivedigital.com\/de\/wp-json\/wp\/v2\/media?parent=28"}],"curies":[{"name":"wp","href":"https:\/\/api.w.org\/{rel}","templated":true}]}}