{"id":3,"date":"2025-12-17T14:21:23","date_gmt":"2025-12-17T14:21:23","guid":{"rendered":"http:\/\/finance.belivedigital.com\/?page_id=3"},"modified":"2026-04-24T18:00:56","modified_gmt":"2026-04-24T18:00:56","slug":"privacy-policy","status":"publish","type":"page","link":"https:\/\/finance.belivedigital.com\/de\/privacy-policy\/","title":{"rendered":"Datenschutzrichtlinie"},"content":{"rendered":"<html><body><h2 class=\"wp-block-heading\">Datenschutzrichtlinie<\/h2>\n\n\n\n<p>Wir nehmen den Schutz Ihrer Daten ernst. Bei Finance Believe Digital verpflichten wir uns, Ihre Privatsph\u00e4re hinsichtlich aller Informationen zu sch\u00fctzen, die auf unserer Website und allen anderen von uns verwalteten Websites erfasst werden.<\/p>\n\n\n\n<p>Wir erheben personenbezogene Daten nur, wenn dies unbedingt erforderlich ist, um Ihnen unsere Dienstleistungen anbieten zu k\u00f6nnen. Dieser Vorgang erfolgt fair und transparent, stets mit Ihrer informierten Einwilligung. Dar\u00fcber hinaus erl\u00e4utern wir Ihnen die Gr\u00fcnde f\u00fcr die Datenerhebung und wie die Informationen verwendet werden.<\/p>\n\n\n\n<p>Wir speichern die erhobenen Daten nur so lange, wie es zur Erbringung der angeforderten Dienstleistung erforderlich ist. Wir setzen branchen\u00fcbliche Sicherheitsma\u00dfnahmen ein, um die gespeicherten Daten vor Verlust, Diebstahl, unbefugtem Zugriff, unberechtigter Weitergabe, Kopieren oder Ver\u00e4nderung zu sch\u00fctzen.<\/p>\n\n\n\n<p>Wir geben Ihre personenbezogenen Daten nicht \u00f6ffentlich oder an Dritte weiter, es sei denn, dies ist aufgrund gesetzlicher Verpflichtungen erforderlich.<\/p>\n\n\n\n<p>Unsere Website kann Links zu externen Websites enthalten, die au\u00dferhalb unserer Kontrolle liegen. Bitte beachten Sie, dass wir weder f\u00fcr die Datenschutzrichtlinien noch f\u00fcr die Inhalte dieser externen Websites verantwortlich sind.<\/p>\n\n\n\n<p>Sie haben selbstverst\u00e4ndlich das Recht, die Angabe Ihrer personenbezogenen Daten zu verweigern, allerdings kann dies unsere M\u00f6glichkeiten einschr\u00e4nken, Ihnen bestimmte Dienstleistungen anzubieten.<\/p>\n\n\n\n<p>Durch die weitere Nutzung unserer Website erkl\u00e4ren Sie sich mit unseren Datenschutzrichtlinien und Bestimmungen zur Verarbeitung personenbezogener Daten einverstanden. Sollten Sie Fragen zur Verarbeitung Ihrer Daten haben, z\u00f6gern Sie bitte nicht, uns zu kontaktieren.<\/p>\n\n\n\n<h3 class=\"wp-block-heading\">Website-Sicherheit Finanzen Believe Digital<\/h3>\n\n\n\n<p>Laut Website Check ist die Website vertrauensw\u00fcrdig und sicher f\u00fcr den Nutzer. Diese Seite \u00fcberpr\u00fcft die Website-Informationen, um potenzielle Sicherheitsprobleme zu identifizieren.<\/p>\n\n\n\n<h2 class=\"wp-block-heading\">Finance Believe Digital Cookie-Richtlinie<\/h2>\n\n\n\n<p id=\"p-rc_a6c93c336bf820e8-19\"><strong>Was sind Cookies?<\/strong><\/p>\n\n\n\n<p id=\"p-rc_a6c93c336bf820e8-19\">Wie fast alle professionellen Websites verwendet auch diese Website Cookies. Dabei handelt es sich um kleine Dateien, die auf Ihren Computer heruntergeladen werden, um Ihre Benutzererfahrung zu verbessern. Auf dieser Seite wird beschrieben, welche Informationen dabei erfasst werden.<sup><\/sup>Wir erkl\u00e4ren Ihnen auch, wie wir sie verwenden und warum wir diese Cookies manchmal speichern m\u00fcssen. <sup><\/sup>Das Verhindern der Speicherung dieser Cookies kann jedoch die Funktionalit\u00e4t bestimmter Elemente der Website einschr\u00e4nken oder diese sogar au\u00dfer Kraft setzen.<\/p>\n\n\n\n<p id=\"p-rc_a6c93c336bf820e8-20\"><strong>Wie verwenden wir Cookies?<\/strong><\/p>\n\n\n\n<p id=\"p-rc_a6c93c336bf820e8-20\">Wir verwenden Cookies aus verschiedenen Gr\u00fcnden, die im Folgenden erl\u00e4utert werden. Leider gibt es in den meisten F\u00e4llen keine branchen\u00fcblichen Optionen, Cookies zu deaktivieren, ohne die Funktionalit\u00e4t und die Funktionen, die sie bieten, vollst\u00e4ndig zu deaktivieren.<sup><\/sup>onam a este sit<sup><\/sup>e. Es wird empfohlen, alle Cookies aktiviert zu lassen, wenn Sie sich nicht sicher sind, ob Sie diese ben\u00f6tigen oder nicht, falls sie zur Bereitstellung eines von Ihnen genutzten Dienstes verwendet werden.<\/p>\n\n\n\n<p id=\"p-rc_a6c93c336bf820e8-21\"><strong>Cookies deaktivieren<\/strong><sup><\/sup><\/p>\n\n\n\n<p id=\"p-rc_a6c93c336bf820e8-21\">Sie k\u00f6nnen das Setzen von Cookies verhindern, indem Sie die Einstellungen Ihres Browsers anpassen (siehe die Hilfe Ihres Browsers f\u00fcr weitere Informationen). Beachten Sie jedoch, dass die Deaktivierung von Cookies die ordnungsgem\u00e4\u00dfe Funktion Ihres Browsers beeintr\u00e4chtigen kann.<sup><\/sup>Das Deaktivieren von Cookies beeintr\u00e4chtigt die Funktionalit\u00e4t dieser und vieler anderer Websites. Im Allgemeinen f\u00fchrt die Deaktivierung von Cookies dazu, dass bestimmte Funktionen dieser Website nicht mehr verf\u00fcgbar sind. Daher wird empfohlen, Cookies nicht zu deaktivieren.<\/p>\n\n\n\n<h3 class=\"wp-block-heading\">Cookies, die wir setzen<\/h3>\n\n\n\n<ul class=\"wp-block-list\">\n<li><strong>Kontobezogene Cookies:<\/strong> Wenn Sie ein Konto bei uns erstellen, verwenden wir Cookies, um den Registrierungsprozess und die allgemeine Verwaltung zu steuern. Diese Cookies werden in der Regel gel\u00f6scht, wenn Sie sich vom System abmelden. In einigen F\u00e4llen bleiben sie jedoch m\u00f6glicherweise erhalten, um Ihre Website-Einstellungen f\u00fcr den n\u00e4chsten Besuch zu speichern.<\/li>\n\n\n\n<li><strong>Cookies im Zusammenhang mit dem Login:<\/strong> Wir verwenden Cookies, um Ihre Anmeldung zu speichern. Dadurch m\u00fcssen Sie sich nicht bei jedem Seitenaufruf erneut anmelden. Diese Cookies werden normalerweise beim Abmelden gel\u00f6scht, um sicherzustellen, dass Sie nur im angemeldeten Zustand auf gesch\u00fctzte Bereiche und Funktionen zugreifen k\u00f6nnen.<\/li>\n\n\n\n<li><strong>Cookies im Zusammenhang mit E-Mail-Newslettern:<\/strong> Diese Website bietet Newsletter- oder E-Mail-Abonnementdienste an, und es k\u00f6nnen Cookies verwendet werden, um sich zu merken, ob Sie bereits registriert sind und ob bestimmte Benachrichtigungen angezeigt werden sollen, die nur f\u00fcr registrierte\/nicht registrierte Benutzer gelten.<\/li>\n\n\n\n<li><strong>Cookies im Zusammenhang mit der Bestellabwicklung:<\/strong> Diese Website bietet E-Commerce- und Zahlungsfunktionen, und einige Cookies sind unerl\u00e4sslich, um sicherzustellen, dass Ihre Bestellung seiten\u00fcbergreifend gespeichert wird, damit wir sie ordnungsgem\u00e4\u00df bearbeiten k\u00f6nnen.<\/li>\n\n\n\n<li><strong>Cookies im Zusammenhang mit Suchanfragen:<\/strong> Wir bieten regelm\u00e4\u00dfig Umfragen und Frageb\u00f6gen an, um interessante Informationen und n\u00fctzliche Tools bereitzustellen oder unsere Nutzerbasis besser zu verstehen. Diese Umfragen verwenden m\u00f6glicherweise Cookies, um sich zu merken, wer bereits an einer Umfrage teilgenommen hat, oder um nach einem Seitenwechsel korrekte Ergebnisse zu liefern.<\/li>\n\n\n\n<li><strong>Cookies im Zusammenhang mit Formularen:<\/strong> Wenn Sie Daten \u00fcber ein Formular \u00fcbermitteln, wie beispielsweise auf Kontaktseiten oder Feedback-Formularen, k\u00f6nnen Cookies gesetzt werden, um Ihre Benutzerdaten f\u00fcr die zuk\u00fcnftige Korrespondenz zu speichern.<\/li>\n\n\n\n<li><strong>Cookies f\u00fcr Website-Pr\u00e4ferenzen:<\/strong> Um Ihnen ein optimales Nutzungserlebnis auf dieser Website zu bieten, k\u00f6nnen Sie Ihre Pr\u00e4ferenzen f\u00fcr die Funktionsweise der Website festlegen. Damit Ihre Pr\u00e4ferenzen gespeichert werden, verwenden wir Cookies, sodass diese Informationen bei jeder Interaktion mit einer Seite, die von Ihren Pr\u00e4ferenzen betroffen ist, abgerufen werden k\u00f6nnen.<\/li>\n<\/ul>\n\n\n\n<h3 class=\"wp-block-heading\">Cookies von Drittanbietern<\/h3>\n\n\n\n<p id=\"p-rc_a6c93c336bf820e8-27\">In einigen Sonderf\u00e4llen verwenden wir auch Cookies von vertrauensw\u00fcrdigen Drittanbietern. Im folgenden Abschnitt erfahren Sie, welche Drittanbieter-Cookies auf dieser Website zum Einsatz kommen k\u00f6nnen.<sup><\/sup><\/p>\n\n\n\n<ul class=\"wp-block-list\">\n<li>Diese Website verwendet die <strong>Google Analytics<\/strong>, Google Analytics, eine der am weitesten verbreiteten und vertrauensw\u00fcrdigsten Analysel\u00f6sungen im Web, hilft uns zu verstehen, wie Sie die Website nutzen und wie wir Ihr Nutzererlebnis verbessern k\u00f6nnen. Diese Cookies erfassen beispielsweise, wie lange Sie auf der Website verweilen und welche Seiten Sie besuchen, damit wir weiterhin interessante Inhalte erstellen k\u00f6nnen. Weitere Informationen zu Google Analytics-Cookies finden Sie auf der offiziellen Google Analytics-Seite.<\/li>\n\n\n\n<li>Wir verwenden Analysetools von Drittanbietern, um die Nutzung dieser Website zu verfolgen und auszuwerten und so weiterhin interessante Inhalte zu erstellen. Diese Cookies erfassen beispielsweise, wie lange Sie auf der Website verweilen oder welche Seiten Sie besuchen. Dies hilft uns zu verstehen, wie wir die Website f\u00fcr Sie verbessern k\u00f6nnen.<\/li>\n\n\n\n<li>Wir testen regelm\u00e4\u00dfig neue Funktionen und nehmen kleinere \u00c4nderungen am Erscheinungsbild der Website vor. W\u00e4hrend dieser Testphase k\u00f6nnen Cookies verwendet werden, um Ihnen ein einheitliches Nutzungserlebnis zu bieten und zu verstehen, welche Optimierungen unsere Nutzer am meisten sch\u00e4tzen.<\/li>\n\n\n\n<li>Da wir Produkte verkaufen, ist es wichtig, Statistiken dar\u00fcber zu erfassen, wie viele unserer Website-Besucher tats\u00e4chlich einen Kauf t\u00e4tigen. Genau diese Daten werden von diesen Cookies erfasst. Dies ist auch f\u00fcr Sie wichtig, da wir so pr\u00e4zise Gesch\u00e4ftsprognosen erstellen k\u00f6nnen, die es uns erm\u00f6glichen, unsere Werbe- und Produktkosten zu analysieren und Ihnen den bestm\u00f6glichen Preis anzubieten.<\/li>\n<\/ul>\n\n\n\n<h2 class=\"wp-block-heading\">Nutzerverpflichtung<\/h2>\n\n\n\n<p>Der Nutzer verpflichtet sich, die von Finance Belive Digital auf der Website angebotenen Inhalte und Informationen angemessen zu nutzen, beispielsweise, aber nicht ausschlie\u00dflich:<\/p>\n\n\n\n<p>A) Keine Aktivit\u00e4ten auszu\u00fcben, die gegen geltendes Recht oder Treu und Glauben und die \u00f6ffentliche Ordnung versto\u00dfen;<\/p>\n\n\n\n<p>B) Es ist verboten, Propaganda oder Inhalte rassistischer oder fremdenfeindlicher Natur zu verbreiten, die mit Gl\u00fccksspiel, Gl\u00fccksspielen, jeglicher Art illegaler Pornografie oder der Anstiftung zu Terrorismus oder Menschenrechtsverletzungen in Zusammenhang stehen;<\/p>\n\n\n\n<p>C) Es ist untersagt, die physischen (Hardware-) und logischen (Software-) Systeme von Finance Belive Digital, seinen Lieferanten oder Dritten durch das Einf\u00fchren oder Verbreiten von Computerviren oder anderen Hardware- oder Softwaresystemen, die in der Lage sind, den vorgenannten Schaden zu verursachen, zu besch\u00e4digen.<\/p>\n\n\n\n<h3 class=\"wp-block-heading\">Cookies blockieren:<\/h3>\n\n\n\n<p>Nutzer k\u00f6nnen Cookies von jeder Website, einschlie\u00dflich unserer, jederzeit blockieren und\/oder deaktivieren. Dazu rufen Sie die Einstellungen Ihres Browsers auf. Hilfeanleitungen f\u00fcr die g\u00e4ngigsten Browser finden Sie unten.<\/p>\n\n\n\n<ul class=\"wp-block-list\">\n<li>Google Chrome<\/li>\n\n\n\n<li>Firefox<\/li>\n\n\n\n<li>Microsoft Edge<\/li>\n\n\n\n<li>Oper<\/li>\n\n\n\n<li>Safari<\/li>\n<\/ul>\n\n\n\n<h2 class=\"wp-block-heading\">Weitere Informationen<\/h2>\n\n\n\n<p>Wir hoffen, dass dies verst\u00e4ndlich ist, und wie bereits erw\u00e4hnt, ist es im Allgemeinen sicherer, Cookies aktiviert zu lassen, falls Sie mit einer der Funktionen unserer Website interagieren, wenn Sie sich bei etwas unsicher sind, ob Sie es ben\u00f6tigen oder nicht. <strong>finance.belivedigital.com<\/strong>.<\/p>\n\n\n\n<p>Diese Richtlinie tritt in Kraft ab <strong>M\u00e4rz 2024<\/strong>.<\/p>\n<\/body><\/html>","protected":false},"excerpt":{"rendered":"<p>Pol\u00edtica de Privacidade Levamos a sua privacidade a s\u00e9rio. Na Finance Belive Digital, estamos comprometidos em proteger a sua privacidade em todas as informa\u00e7\u00f5es que possam ser coletadas em nosso site e em quaisquer outros sites sob nossa gest\u00e3o. Coletamos dados pessoais apenas quando \u00e9 estritamente necess\u00e1rio para lhe fornecer nossos servi\u00e7os. Este processo \u00e9 [&hellip;]<\/p>\n","protected":false},"author":1,"featured_media":0,"parent":0,"menu_order":0,"comment_status":"closed","ping_status":"open","template":"","meta":{"footnotes":""},"class_list":["post-3","page","type-page","status-publish","hentry"],"_links":{"self":[{"href":"https:\/\/finance.belivedigital.com\/de\/wp-json\/wp\/v2\/pages\/3","targetHints":{"allow":["GET"]}}],"collection":[{"href":"https:\/\/finance.belivedigital.com\/de\/wp-json\/wp\/v2\/pages"}],"about":[{"href":"https:\/\/finance.belivedigital.com\/de\/wp-json\/wp\/v2\/types\/page"}],"author":[{"embeddable":true,"href":"https:\/\/finance.belivedigital.com\/de\/wp-json\/wp\/v2\/users\/1"}],"replies":[{"embeddable":true,"href":"https:\/\/finance.belivedigital.com\/de\/wp-json\/wp\/v2\/comments?post=3"}],"version-history":[{"count":3,"href":"https:\/\/finance.belivedigital.com\/de\/wp-json\/wp\/v2\/pages\/3\/revisions"}],"predecessor-version":[{"id":191,"href":"https:\/\/finance.belivedigital.com\/de\/wp-json\/wp\/v2\/pages\/3\/revisions\/191"}],"wp:attachment":[{"href":"https:\/\/finance.belivedigital.com\/de\/wp-json\/wp\/v2\/media?parent=3"}],"curies":[{"name":"wp","href":"https:\/\/api.w.org\/{rel}","templated":true}]}}