{"id":28,"date":"2025-12-18T13:51:11","date_gmt":"2025-12-18T13:51:11","guid":{"rendered":"https:\/\/finance.belivedigital.com\/?page_id=28"},"modified":"2026-04-24T18:06:37","modified_gmt":"2026-04-24T18:06:37","slug":"termos-e-condicoes","status":"publish","type":"page","link":"https:\/\/finance.belivedigital.com\/it\/termos-e-condicoes\/","title":{"rendered":"Termini e Condizioni"},"content":{"rendered":"<html><body><p>Benvenuti in Finance Believe Digital. Accedendo al nostro sito web all&#039;indirizzo <strong><a href=\"https:\/\/finance.belivedigital.com\/it\/\" target=\"_blank\" rel=\"noreferrer noopener\">https:\/\/finance.belivedigital.com<\/a><\/strong>, Utilizzando questo sito web, l&#039;utente accetta di rispettare e di essere vincolato dai seguenti termini e condizioni. Qualora non siate d&#039;accordo con una qualsiasi parte di questi termini, vi preghiamo di non utilizzare il nostro sito web.<\/p>\n\n\n\n<h3 class=\"wp-block-heading\">1. Utilizzo del Sito<\/h3>\n\n\n\n<p>Accetti di utilizzare questo sito esclusivamente per scopi leciti e in modo tale da non violare i diritti di terzi, n\u00e9 limitare o impedire l&#039;utilizzo e il godimento del sito da parte di altri.<\/p>\n\n\n\n<h3 class=\"wp-block-heading\">2. Propriet\u00e0 intellettuale<\/h3>\n\n\n\n<p>Tutti i contenuti pubblicati su questo sito web, inclusi testi, grafica, loghi, immagini e altri materiali, sono di propriet\u00e0 di Finance Belive Digital o dei suoi fornitori di contenuti e sono protetti dalle leggi internazionali sul diritto d&#039;autore.<\/p>\n\n\n\n<p>Non \u00e8 consentito riprodurre, distribuire o sfruttare in alcun modo i contenuti senza la nostra esplicita autorizzazione scritta.<\/p>\n\n\n\n<h3 class=\"wp-block-heading\">3. Esclusione di responsabilit\u00e0<\/h3>\n\n\n\n<p>Le informazioni fornite su questo sito web hanno scopo puramente informativo. Sebbene ci impegniamo a mantenere i contenuti accurati e aggiornati, Finance Belive Digital non rilascia alcuna garanzia o dichiarazione di alcun tipo in merito alla completezza, accuratezza o affidabilit\u00e0 dei contenuti.<\/p>\n\n\n\n<p>Qualsiasi azione intraprendiate sulla base delle informazioni presenti su questo sito web \u00e8 a vostro esclusivo rischio.<\/p>\n\n\n\n<h3 class=\"wp-block-heading\">4. Limitazione di responsabilit\u00e0<\/h3>\n\n\n\n<p>Finance Believe Digital declina ogni responsabilit\u00e0 per eventuali perdite e\/o danni derivanti dall&#039;utilizzo del nostro sito web.<\/p>\n\n\n\n<h3 class=\"wp-block-heading\">5. Collegamenti ad altri siti<\/h3>\n\n\n\n<p>Il nostro sito web potrebbe contenere link a siti esterni non gestiti da noi. Non abbiamo alcun controllo sul contenuto e sulle pratiche di questi siti e non possiamo assumerci alcuna responsabilit\u00e0 per le rispettive politiche sulla privacy o i termini di servizio.<\/p>\n\n\n\n<h3 class=\"wp-block-heading\">6. Modifiche alle presenti Condizioni<\/h3>\n\n\n\n<p>Ci riserviamo il diritto di aggiornare le presenti Condizioni d&#039;uso in qualsiasi momento. Eventuali modifiche avranno effetto immediatamente dopo la pubblicazione su questa pagina. Invitiamo gli utenti a consultare frequentemente questa pagina per verificare eventuali modifiche.<\/p>\n\n\n\n<h3 class=\"wp-block-heading\">7. Legge applicabile<\/h3>\n\n\n\n<p>Le presenti condizioni saranno regolate e interpretate in conformit\u00e0 con le leggi della giurisdizione in cui Finance Belive Digital opera, senza riferimento alle norme sul conflitto di leggi.<\/p>\n\n\n\n<h3 class=\"wp-block-heading\">8. Contatto<\/h3>\n\n\n\n<p>Se avete domande in merito alle presenti Condizioni d&#039;uso, vi preghiamo di contattarci:<\/p>\n\n\n\n<p>\ud83d\udce7 Email: contato@finance.belivedigital.com<\/p>\n<\/body><\/html>","protected":false},"excerpt":{"rendered":"<p>Bem-vindo \u00e0 Finance Belive Digital. Ao acessar nosso site em https:\/\/finance.belivedigital.com, voc\u00ea concorda em cumprir e estar vinculado aos seguintes termos e condi\u00e7\u00f5es. Se voc\u00ea discordar de qualquer parte destes termos, por favor, n\u00e3o utilize nosso site. 1. Uso do Site Voc\u00ea concorda em usar este site apenas para fins l\u00edcitos e de uma forma [&hellip;]<\/p>\n","protected":false},"author":2,"featured_media":0,"parent":0,"menu_order":0,"comment_status":"closed","ping_status":"closed","template":"","meta":{"footnotes":""},"class_list":["post-28","page","type-page","status-publish","hentry"],"_links":{"self":[{"href":"https:\/\/finance.belivedigital.com\/it\/wp-json\/wp\/v2\/pages\/28","targetHints":{"allow":["GET"]}}],"collection":[{"href":"https:\/\/finance.belivedigital.com\/it\/wp-json\/wp\/v2\/pages"}],"about":[{"href":"https:\/\/finance.belivedigital.com\/it\/wp-json\/wp\/v2\/types\/page"}],"author":[{"embeddable":true,"href":"https:\/\/finance.belivedigital.com\/it\/wp-json\/wp\/v2\/users\/2"}],"replies":[{"embeddable":true,"href":"https:\/\/finance.belivedigital.com\/it\/wp-json\/wp\/v2\/comments?post=28"}],"version-history":[{"count":3,"href":"https:\/\/finance.belivedigital.com\/it\/wp-json\/wp\/v2\/pages\/28\/revisions"}],"predecessor-version":[{"id":194,"href":"https:\/\/finance.belivedigital.com\/it\/wp-json\/wp\/v2\/pages\/28\/revisions\/194"}],"wp:attachment":[{"href":"https:\/\/finance.belivedigital.com\/it\/wp-json\/wp\/v2\/media?parent=28"}],"curies":[{"name":"wp","href":"https:\/\/api.w.org\/{rel}","templated":true}]}}