{"id":3,"date":"2025-12-17T14:21:23","date_gmt":"2025-12-17T14:21:23","guid":{"rendered":"http:\/\/finance.belivedigital.com\/?page_id=3"},"modified":"2026-04-24T18:00:56","modified_gmt":"2026-04-24T18:00:56","slug":"privacy-policy","status":"publish","type":"page","link":"https:\/\/finance.belivedigital.com\/it\/privacy-policy\/","title":{"rendered":"politica sulla riservatezza"},"content":{"rendered":"<html><body><h2 class=\"wp-block-heading\">politica sulla riservatezza<\/h2>\n\n\n\n<p>La tua privacy \u00e8 importante per noi. Noi di Finance Believe Digital ci impegniamo a proteggere la tua privacy in relazione a tutte le informazioni che potrebbero essere raccolte sul nostro sito web e su qualsiasi altro sito web da noi gestito.<\/p>\n\n\n\n<p>Raccogliamo dati personali solo quando ci\u00f2 \u00e8 strettamente necessario per fornirvi i nostri servizi. Questo processo viene svolto in modo equo e con la massima trasparenza, sempre con il vostro consenso informato. Inoltre, vi spieghiamo le ragioni della raccolta e come le informazioni verranno utilizzate.<\/p>\n\n\n\n<p>Conserviamo i dati raccolti solo per il tempo necessario a fornire il servizio richiesto. Utilizziamo misure di sicurezza standard del settore per proteggere i dati memorizzati da qualsiasi tipo di perdita, furto, accesso non autorizzato, divulgazione impropria, copia o alterazione.<\/p>\n\n\n\n<p>Non divulghiamo i vostri dati personali pubblicamente o a terzi, a meno che non sia richiesto da obblighi di legge.<\/p>\n\n\n\n<p>Il nostro sito web potrebbe contenere link a siti web esterni che non sono sotto il nostro controllo. Si prega di notare che non siamo responsabili per le politiche sulla privacy o per il contenuto di questi siti web esterni.<\/p>\n\n\n\n<p>Hai il pieno diritto di rifiutarti di fornire i tuoi dati personali, sebbene ci\u00f2 possa limitare la nostra capacit\u00e0 di fornirti determinati servizi.<\/p>\n\n\n\n<p>Continuando a utilizzare il nostro sito web, accetti le nostre politiche di protezione della privacy e di trattamento dei dati personali. Per qualsiasi domanda sul trattamento dei tuoi dati, non esitare a contattarci.<\/p>\n\n\n\n<h3 class=\"wp-block-heading\">Sicurezza del sito web Finanza Credere digitale<\/h3>\n\n\n\n<p>Secondo Website Check, il sito web \u00e8 affidabile e sicuro per l&#039;utente. Questa pagina verifica le informazioni del sito web per identificare potenziali problemi di sicurezza.<\/p>\n\n\n\n<h2 class=\"wp-block-heading\">Informativa sui cookie di Finance Believe Digital<\/h2>\n\n\n\n<p id=\"p-rc_a6c93c336bf820e8-19\"><strong>Cosa sono i cookie?<\/strong><\/p>\n\n\n\n<p id=\"p-rc_a6c93c336bf820e8-19\">Come avviene nella maggior parte dei siti web professionali, anche questo sito utilizza i cookie, ovvero piccoli file scaricati sul tuo computer, per migliorare la tua esperienza di navigazione. Questa pagina descrive le informazioni che vengono raccolte.<sup><\/sup>Spiegheremo inoltre come li utilizziamo e perch\u00e9 a volte abbiamo bisogno di memorizzare questi cookie. <sup><\/sup>Impedire la memorizzazione di questi cookie potrebbe tuttavia ridurre o compromettere alcune funzionalit\u00e0 del sito.<\/p>\n\n\n\n<p id=\"p-rc_a6c93c336bf820e8-20\"><strong>Come utilizziamo i cookie?<\/strong><\/p>\n\n\n\n<p id=\"p-rc_a6c93c336bf820e8-20\">Utilizziamo i cookie per diverse ragioni, descritte di seguito. Purtroppo, nella maggior parte dei casi, non esistono opzioni standard per disabilitare i cookie senza compromettere completamente le funzionalit\u00e0 che essi offrono.<sup><\/sup>onam a este sit<sup><\/sup>e. Si raccomanda di lasciare abilitati tutti i cookie se non si \u00e8 sicuri della loro utilit\u00e0, nel caso in cui vengano utilizzati per fornire un servizio di cui si usufruisce.<\/p>\n\n\n\n<p id=\"p-rc_a6c93c336bf820e8-21\"><strong>Disabilita i cookie<\/strong><sup><\/sup><\/p>\n\n\n\n<p id=\"p-rc_a6c93c336bf820e8-21\">\u00c8 possibile impedire l&#039;installazione dei cookie modificando le impostazioni del browser (consultare la guida del browser per le istruzioni). Si tenga presente che la disabilitazione dei cookie potrebbe compromettere il corretto funzionamento del browser.<sup><\/sup>La disabilitazione dei cookie influir\u00e0 sul funzionamento di questo e di molti altri siti web che visiti. In genere, la disabilitazione dei cookie comporter\u00e0 la disattivazione di alcune funzionalit\u00e0 di questo sito. Pertanto, si consiglia di non disabilitare i cookie.<\/p>\n\n\n\n<h3 class=\"wp-block-heading\">Cookie che impostiamo<\/h3>\n\n\n\n<ul class=\"wp-block-list\">\n<li><strong>Cookie relativi all&#039;account:<\/strong> Se crei un account con noi, utilizzeremo i cookie per gestire il processo di registrazione e per scopi amministrativi generali. Questi cookie vengono generalmente eliminati quando effettui il logout dal sistema; tuttavia, in alcuni casi, potrebbero rimanere attivi anche successivamente per ricordare le tue preferenze di navigazione quando esci dal sito.<\/li>\n\n\n\n<li><strong>Cookie relativi all&#039;accesso:<\/strong> Utilizziamo i cookie quando effettui l&#039;accesso per memorizzare questa azione. Ci\u00f2 ti evita di dover effettuare il login ogni volta che visiti una nuova pagina. Questi cookie vengono normalmente rimossi o cancellati quando effettui il logout, per garantire che tu possa accedere alle funzionalit\u00e0 e alle aree riservate solo quando hai effettuato l&#039;accesso.<\/li>\n\n\n\n<li><strong>Cookie relativi alle newsletter via email:<\/strong> Questo sito web offre servizi di newsletter o di iscrizione via e-mail e potrebbero essere utilizzati cookie per ricordare se sei gi\u00e0 registrato e per mostrare determinate notifiche valide solo per gli utenti registrati\/non registrati.<\/li>\n\n\n\n<li><strong>Cookie relativi all&#039;elaborazione degli ordini:<\/strong> Questo sito web offre servizi di e-commerce e di pagamento, e alcuni cookie sono essenziali per garantire che il tuo ordine venga memorizzato tra le diverse pagine, in modo da poterlo elaborare correttamente.<\/li>\n\n\n\n<li><strong>Cookie relativi alle ricerche:<\/strong> Periodicamente, proponiamo sondaggi e questionari per fornire informazioni interessanti, strumenti utili o per comprendere meglio la nostra base di utenti. Questi sondaggi possono utilizzare i cookie per ricordare chi ha gi\u00e0 partecipato a un sondaggio o per fornire risultati accurati anche dopo aver cambiato pagina.<\/li>\n\n\n\n<li><strong>Cookie relativi ai moduli:<\/strong> Quando invii dati tramite un modulo, come quelli presenti nelle pagine di contatto o nei moduli di feedback, potrebbero essere impostati dei cookie per memorizzare i tuoi dati utente per future comunicazioni.<\/li>\n\n\n\n<li><strong>Cookie relativi alle preferenze del sito:<\/strong> Per offrirti un&#039;esperienza ottimale su questo sito, ti offriamo la possibilit\u00e0 di impostare le tue preferenze relative al funzionamento del sito stesso. Per memorizzare le tue preferenze, utilizziamo i cookie, in modo che queste informazioni possano essere recuperate ogni volta che interagisci con una pagina influenzata dalle tue impostazioni.<\/li>\n<\/ul>\n\n\n\n<h3 class=\"wp-block-heading\">Cookie di terze parti<\/h3>\n\n\n\n<p id=\"p-rc_a6c93c336bf820e8-27\">In alcuni casi particolari, utilizziamo anche cookie forniti da terze parti fidate. La sezione seguente descrive in dettaglio quali cookie di terze parti potresti incontrare su questo sito web.<sup><\/sup><\/p>\n\n\n\n<ul class=\"wp-block-list\">\n<li>Questo sito utilizza il <strong>Google Analytics<\/strong>, Google Analytics, una delle soluzioni di analisi web pi\u00f9 diffuse e affidabili, ci aiuta a capire come utilizzi il sito e come possiamo migliorare la tua esperienza. Questi cookie possono tracciare informazioni come il tempo trascorso sul sito e le pagine visitate, in modo da consentirci di continuare a produrre contenuti interessanti. Per ulteriori informazioni sui cookie di Google Analytics, consulta la pagina ufficiale di Google Analytics.<\/li>\n\n\n\n<li>Utilizziamo strumenti di analisi di terze parti per tracciare e misurare l&#039;utilizzo di questo sito, in modo da poter continuare a produrre contenuti interessanti. Questi cookie possono tracciare informazioni come il tempo trascorso sul sito o le pagine visitate, aiutandoci a capire come migliorare il sito per te.<\/li>\n\n\n\n<li>Periodicamente, testiamo nuove funzionalit\u00e0 e apportiamo piccole modifiche all&#039;aspetto del sito. Durante la fase di test, questi cookie possono essere utilizzati per garantire un&#039;esperienza utente coerente sul sito e per comprendere quali ottimizzazioni sono maggiormente apprezzate dai nostri utenti.<\/li>\n\n\n\n<li>Poich\u00e9 vendiamo prodotti, \u00e8 importante comprendere le statistiche relative al numero di visitatori del nostro sito web che effettuano effettivamente un acquisto, e questi cookie tracciano proprio questo tipo di dati. Questo \u00e8 importante anche per voi, perch\u00e9 ci permette di fare previsioni commerciali accurate che ci consentono di analizzare i costi di pubblicit\u00e0 e dei prodotti, garantendovi cos\u00ec il miglior prezzo possibile.<\/li>\n<\/ul>\n\n\n\n<h2 class=\"wp-block-heading\">Impegno dell&#039;utente<\/h2>\n\n\n\n<p>L&#039;utente accetta di utilizzare in modo appropriato i contenuti e le informazioni che Finance Belive Digital offre sul sito web e, a titolo esemplificativo ma non esaustivo:<\/p>\n\n\n\n<p>A) Non intraprendere attivit\u00e0 illegali o contrarie alla buona fede e all&#039;ordine pubblico;<\/p>\n\n\n\n<p>B) Non diffondere propaganda o contenuti di natura razzista o xenofoba, relativi al gioco d&#039;azzardo, ai giochi di fortuna, a qualsiasi tipo di pornografia illegale o all&#039;incitamento al terrorismo o alle violazioni dei diritti umani;<\/p>\n\n\n\n<p>C) Non causare danni ai sistemi fisici (hardware) e logici (software) di Finance Belive Digital, dei suoi fornitori o di terzi, introducendo o diffondendo virus informatici o qualsiasi altro sistema hardware o software in grado di causare i suddetti danni.<\/p>\n\n\n\n<h3 class=\"wp-block-heading\">Blocca i cookie:<\/h3>\n\n\n\n<p>Gli utenti possono bloccare e\/o disabilitare i cookie di qualsiasi sito web, incluso il nostro, in qualsiasi momento. Per farlo, \u00e8 sufficiente accedere alle impostazioni del browser. Consultare le guide dei principali browser riportate di seguito:<\/p>\n\n\n\n<ul class=\"wp-block-list\">\n<li>Google Chrome<\/li>\n\n\n\n<li>Firefox<\/li>\n\n\n\n<li>Microsoft Edge<\/li>\n\n\n\n<li>Opera<\/li>\n\n\n\n<li>Safari<\/li>\n<\/ul>\n\n\n\n<h2 class=\"wp-block-heading\">Ulteriori informazioni<\/h2>\n\n\n\n<p>Ci auguriamo che questo sia chiaro e, come gi\u00e0 accennato, se avete dubbi sulla necessit\u00e0 o meno dei cookie, in genere \u00e8 pi\u00f9 sicuro lasciarli abilitati nel caso in cui interagiate con una delle funzionalit\u00e0 del nostro sito web. <strong>finanza.belivedigital.com<\/strong>.<\/p>\n\n\n\n<p>La presente politica \u00e8 in vigore dal <strong>Marzo 2024<\/strong>.<\/p>\n<\/body><\/html>","protected":false},"excerpt":{"rendered":"<p>Pol\u00edtica de Privacidade Levamos a sua privacidade a s\u00e9rio. Na Finance Belive Digital, estamos comprometidos em proteger a sua privacidade em todas as informa\u00e7\u00f5es que possam ser coletadas em nosso site e em quaisquer outros sites sob nossa gest\u00e3o. Coletamos dados pessoais apenas quando \u00e9 estritamente necess\u00e1rio para lhe fornecer nossos servi\u00e7os. Este processo \u00e9 [&hellip;]<\/p>\n","protected":false},"author":1,"featured_media":0,"parent":0,"menu_order":0,"comment_status":"closed","ping_status":"open","template":"","meta":{"footnotes":""},"class_list":["post-3","page","type-page","status-publish","hentry"],"_links":{"self":[{"href":"https:\/\/finance.belivedigital.com\/it\/wp-json\/wp\/v2\/pages\/3","targetHints":{"allow":["GET"]}}],"collection":[{"href":"https:\/\/finance.belivedigital.com\/it\/wp-json\/wp\/v2\/pages"}],"about":[{"href":"https:\/\/finance.belivedigital.com\/it\/wp-json\/wp\/v2\/types\/page"}],"author":[{"embeddable":true,"href":"https:\/\/finance.belivedigital.com\/it\/wp-json\/wp\/v2\/users\/1"}],"replies":[{"embeddable":true,"href":"https:\/\/finance.belivedigital.com\/it\/wp-json\/wp\/v2\/comments?post=3"}],"version-history":[{"count":3,"href":"https:\/\/finance.belivedigital.com\/it\/wp-json\/wp\/v2\/pages\/3\/revisions"}],"predecessor-version":[{"id":191,"href":"https:\/\/finance.belivedigital.com\/it\/wp-json\/wp\/v2\/pages\/3\/revisions\/191"}],"wp:attachment":[{"href":"https:\/\/finance.belivedigital.com\/it\/wp-json\/wp\/v2\/media?parent=3"}],"curies":[{"name":"wp","href":"https:\/\/api.w.org\/{rel}","templated":true}]}}