{"id":19,"date":"2025-12-18T13:29:22","date_gmt":"2025-12-18T13:29:22","guid":{"rendered":"https:\/\/finance.belivedigital.com\/?page_id=19"},"modified":"2026-04-24T17:54:22","modified_gmt":"2026-04-24T17:54:22","slug":"contato","status":"publish","type":"page","link":"https:\/\/finance.belivedigital.com\/ja\/contato\/","title":{"rendered":"\u63a5\u89e6"},"content":{"rendered":"<html><body><p>\u7686\u69d8\u304b\u3089\u306e\u3054\u9023\u7d61\u3092\u304a\u5f85\u3061\u3057\u3066\u304a\u308a\u307e\u3059\uff01\u30b3\u30f3\u30c6\u30f3\u30c4\u306b\u95a2\u3059\u308b\u3054\u8cea\u554f\u3001\u3054\u63d0\u6848\u3001\u63d0\u643a\u306e\u3054\u76f8\u8ac7\u3001\u3042\u308b\u3044\u306f\u5358\u306b\u3054\u6328\u62f6\u3060\u3051\u3067\u3082\u3001\u304a\u6c17\u8efd\u306b\u304a\u554f\u3044\u5408\u308f\u305b\u304f\u3060\u3055\u3044\u3002.<\/p>\n\n\n\n<p>\ud83d\udce7 \u30e1\u30fc\u30eb<\/p>\n\n\n\n<p>\u4e0b\u8a18\u307e\u3067\u3044\u3064\u3067\u3082\u3054\u9023\u7d61\u304f\u3060\u3055\u3044\u3002<br>contato@finance.belivedigital.com<\/p>\n\n\n\n<p>\u5e73\u65e5\uff08\u6708\u66dc\u65e5\u304b\u3089\u91d1\u66dc\u65e5\uff09\u306e\u5348\u524d8\u6642\u304b\u3089\u5348\u5f8c6\u6642\u307e\u3067\u3001\u3067\u304d\u308b\u9650\u308a\u8fc5\u901f\u306b\u5bfe\u5fdc\u3044\u305f\u3057\u307e\u3059\u3002.<\/p>\n\n\n\n<p>\ud83c\udf0d\u4f4f\u6240<\/p>\n\n\n\n<p>\u30d3\u30ea\u30fc\u30d6\u30c7\u30b8\u30bf\u30eb<br>https:\/\/finance.belivedigital.com<\/p>\n<\/body><\/html>","protected":false},"excerpt":{"rendered":"<p>Adorar\u00edamos ouvir de voc\u00ea! Seja para tirar d\u00favidas sobre nosso conte\u00fado, dar sugest\u00f5es, explorar oportunidades de parceria ou simplesmente dizer ol\u00e1, entre em contato. \ud83d\udce7 E-mail Voc\u00ea pode nos contatar a qualquer momento pelo endere\u00e7o:contato@finance.belivedigital.com Respondemos o mais r\u00e1pido poss\u00edvel em dias \u00fateis, de segunda a sexta, das 8h \u00e0s 18h. \ud83c\udf0d Endere\u00e7o Belive Digitalhttps:\/\/finance.belivedigital.com<\/p>","protected":false},"author":2,"featured_media":0,"parent":0,"menu_order":0,"comment_status":"closed","ping_status":"closed","template":"","meta":{"footnotes":""},"class_list":["post-19","page","type-page","status-publish","hentry"],"_links":{"self":[{"href":"https:\/\/finance.belivedigital.com\/ja\/wp-json\/wp\/v2\/pages\/19","targetHints":{"allow":["GET"]}}],"collection":[{"href":"https:\/\/finance.belivedigital.com\/ja\/wp-json\/wp\/v2\/pages"}],"about":[{"href":"https:\/\/finance.belivedigital.com\/ja\/wp-json\/wp\/v2\/types\/page"}],"author":[{"embeddable":true,"href":"https:\/\/finance.belivedigital.com\/ja\/wp-json\/wp\/v2\/users\/2"}],"replies":[{"embeddable":true,"href":"https:\/\/finance.belivedigital.com\/ja\/wp-json\/wp\/v2\/comments?post=19"}],"version-history":[{"count":2,"href":"https:\/\/finance.belivedigital.com\/ja\/wp-json\/wp\/v2\/pages\/19\/revisions"}],"predecessor-version":[{"id":189,"href":"https:\/\/finance.belivedigital.com\/ja\/wp-json\/wp\/v2\/pages\/19\/revisions\/189"}],"wp:attachment":[{"href":"https:\/\/finance.belivedigital.com\/ja\/wp-json\/wp\/v2\/media?parent=19"}],"curies":[{"name":"wp","href":"https:\/\/api.w.org\/{rel}","templated":true}]}}