{"id":23,"date":"2025-12-18T13:43:07","date_gmt":"2025-12-18T13:43:07","guid":{"rendered":"https:\/\/finance.belivedigital.com\/?page_id=23"},"modified":"2025-12-18T13:43:07","modified_gmt":"2025-12-18T13:43:07","slug":"sobre-nos","status":"publish","type":"page","link":"https:\/\/finance.belivedigital.com\/ja\/sobre-nos\/","title":{"rendered":"\u79c1\u305f\u3061\u306b\u3064\u3044\u3066"},"content":{"rendered":"<html><body><p>finance.belivedigital\u3092\u3054\u7d39\u4ecb\u3057\u307e\u3059\uff01\u79c1\u305f\u3061\u306f\u91d1\u878d\u60c5\u5831\u3068\u69d8\u3005\u306a\u30d2\u30f3\u30c8\u3092\u63d0\u4f9b\u3059\u308b\u30dd\u30fc\u30bf\u30eb\u30b5\u30a4\u30c8\u3067\u3059\u3002\u4fe1\u983c\u3067\u304d\u308b\u6700\u65b0\u60c5\u5831\u3092\u3001\u6700\u3082\u4fe1\u983c\u3067\u304d\u308b\u60c5\u5831\u6e90\u304b\u3089\u76f4\u63a5\u304a\u5c4a\u3051\u3059\u308b\u3053\u3068\u3067\u3001\u7686\u69d8\u304c\u5e38\u306b\u6700\u65b0\u306e\u60c5\u5831\u3092\u5f97\u3089\u308c\u308b\u3088\u3046\u52aa\u3081\u3066\u3044\u307e\u3059\u3002\u305c\u3072\u5f53\u30b5\u30a4\u30c8\u306e\u30b3\u30f3\u30c6\u30f3\u30c4\u3092\u30d5\u30a9\u30ed\u30fc\u3057\u3066\u3001\u30c7\u30b8\u30bf\u30eb\u4e16\u754c\u306e\u3042\u3089\u3086\u308b\u6700\u65b0\u60c5\u5831\u3092\u5165\u624b\u3057\u3066\u304f\u3060\u3055\u3044\uff01<\/p>\n\n\n\n<p>finance.belivedigital\u3078\u3088\u3046\u3053\u305d\uff01<\/p>\n<\/body><\/html>","protected":false},"excerpt":{"rendered":"<p>Conhe\u00e7a o finance.belivedigital! Somos um portal dedicado a fornecer informa\u00e7\u00f5es sobre finan\u00e7as e diversas dicas. Nosso compromisso \u00e9 entregar not\u00edcias confi\u00e1veis \u200b\u200be atualizadas, diretamente das fontes mais seguras, para que voc\u00ea esteja sempre bem informado. Acompanhe nosso conte\u00fado e fique por dentro de tudo o que \u00e9 relevante no mundo digital! Bem-vindo ao finance.belivedigital!<\/p>","protected":false},"author":2,"featured_media":0,"parent":0,"menu_order":0,"comment_status":"closed","ping_status":"closed","template":"","meta":{"footnotes":""},"class_list":["post-23","page","type-page","status-publish","hentry"],"_links":{"self":[{"href":"https:\/\/finance.belivedigital.com\/ja\/wp-json\/wp\/v2\/pages\/23","targetHints":{"allow":["GET"]}}],"collection":[{"href":"https:\/\/finance.belivedigital.com\/ja\/wp-json\/wp\/v2\/pages"}],"about":[{"href":"https:\/\/finance.belivedigital.com\/ja\/wp-json\/wp\/v2\/types\/page"}],"author":[{"embeddable":true,"href":"https:\/\/finance.belivedigital.com\/ja\/wp-json\/wp\/v2\/users\/2"}],"replies":[{"embeddable":true,"href":"https:\/\/finance.belivedigital.com\/ja\/wp-json\/wp\/v2\/comments?post=23"}],"version-history":[{"count":1,"href":"https:\/\/finance.belivedigital.com\/ja\/wp-json\/wp\/v2\/pages\/23\/revisions"}],"predecessor-version":[{"id":24,"href":"https:\/\/finance.belivedigital.com\/ja\/wp-json\/wp\/v2\/pages\/23\/revisions\/24"}],"wp:attachment":[{"href":"https:\/\/finance.belivedigital.com\/ja\/wp-json\/wp\/v2\/media?parent=23"}],"curies":[{"name":"wp","href":"https:\/\/api.w.org\/{rel}","templated":true}]}}