{"id":28,"date":"2025-12-18T13:51:11","date_gmt":"2025-12-18T13:51:11","guid":{"rendered":"https:\/\/finance.belivedigital.com\/?page_id=28"},"modified":"2026-04-24T18:06:37","modified_gmt":"2026-04-24T18:06:37","slug":"termos-e-condicoes","status":"publish","type":"page","link":"https:\/\/finance.belivedigital.com\/ja\/termos-e-condicoes\/","title":{"rendered":"\u5229\u7528\u898f\u7d04"},"content":{"rendered":"<html><body><p>Finance Belive Digital\u3078\u3088\u3046\u3053\u305d\u3002\u5f53\u793e\u306e\u30a6\u30a7\u30d6\u30b5\u30a4\u30c8\u306b\u30a2\u30af\u30bb\u30b9\u3059\u308b\u3068\u3001 <strong><a href=\"https:\/\/finance.belivedigital.com\/ja\/\" target=\"_blank\" rel=\"noreferrer noopener\">https:\/\/finance.belivedigital.com<\/a><\/strong>, \u672c\u30a6\u30a7\u30d6\u30b5\u30a4\u30c8\u3092\u3054\u5229\u7528\u306b\u306a\u308b\u3053\u3068\u306b\u3088\u308a\u3001\u304a\u5ba2\u69d8\u306f\u4ee5\u4e0b\u306e\u5229\u7528\u898f\u7d04\u306b\u540c\u610f\u3057\u3001\u3053\u308c\u306b\u62d8\u675f\u3055\u308c\u308b\u3053\u3068\u306b\u540c\u610f\u3057\u305f\u3082\u306e\u3068\u307f\u306a\u3055\u308c\u307e\u3059\u3002\u3053\u308c\u3089\u306e\u898f\u7d04\u306e\u3044\u305a\u308c\u304b\u306e\u90e8\u5206\u306b\u3054\u540c\u610f\u3044\u305f\u3060\u3051\u306a\u3044\u5834\u5408\u306f\u3001\u672c\u30a6\u30a7\u30d6\u30b5\u30a4\u30c8\u306e\u3054\u5229\u7528\u3092\u304a\u63a7\u3048\u304f\u3060\u3055\u3044\u3002.<\/p>\n\n\n\n<h3 class=\"wp-block-heading\">1. \u30b5\u30a4\u30c8\u306e\u5229\u7528<\/h3>\n\n\n\n<p>\u304a\u5ba2\u69d8\u306f\u3001\u672c\u30b5\u30a4\u30c8\u3092\u5408\u6cd5\u7684\u306a\u76ee\u7684\u306e\u307f\u306b\u4f7f\u7528\u3057\u3001\u4ed6\u8005\u306e\u6a29\u5229\u3092\u4fb5\u5bb3\u3057\u305f\u308a\u3001\u4ed6\u8005\u306b\u3088\u308b\u672c\u30b5\u30a4\u30c8\u306e\u4f7f\u7528\u304a\u3088\u3073\u4eab\u53d7\u3092\u5236\u9650\u307e\u305f\u306f\u963b\u5bb3\u3057\u305f\u308a\u3057\u306a\u3044\u65b9\u6cd5\u3067\u4f7f\u7528\u3059\u308b\u3053\u3068\u306b\u540c\u610f\u3059\u308b\u3082\u306e\u3068\u3057\u307e\u3059\u3002.<\/p>\n\n\n\n<h3 class=\"wp-block-heading\">2. \u77e5\u7684\u8ca1\u7523<\/h3>\n\n\n\n<p>\u672c\u30a6\u30a7\u30d6\u30b5\u30a4\u30c8\u306b\u63b2\u8f09\u3055\u308c\u3066\u3044\u308b\u3059\u3079\u3066\u306e\u30b3\u30f3\u30c6\u30f3\u30c4\uff08\u30c6\u30ad\u30b9\u30c8\u3001\u30b0\u30e9\u30d5\u30a3\u30c3\u30af\u3001\u30ed\u30b4\u3001\u753b\u50cf\u3001\u305d\u306e\u4ed6\u306e\u7d20\u6750\u3092\u542b\u3080\uff09\u306f\u3001Finance Belive Digital\u307e\u305f\u306f\u305d\u306e\u30b3\u30f3\u30c6\u30f3\u30c4\u63d0\u4f9b\u8005\u306e\u6240\u6709\u7269\u3067\u3042\u308a\u3001\u56fd\u969b\u8457\u4f5c\u6a29\u6cd5\u306b\u3088\u3063\u3066\u4fdd\u8b77\u3055\u308c\u3066\u3044\u307e\u3059\u3002.<\/p>\n\n\n\n<p>\u5f53\u793e\u306e\u660e\u793a\u7684\u306a\u66f8\u9762\u306b\u3088\u308b\u8a31\u53ef\u306a\u304f\u3001\u3044\u304b\u306a\u308b\u30b3\u30f3\u30c6\u30f3\u30c4\u3082\u8907\u88fd\u3001\u914d\u5e03\u3001\u307e\u305f\u306f\u5229\u7528\u3059\u308b\u3053\u3068\u306f\u3067\u304d\u307e\u305b\u3093\u3002.<\/p>\n\n\n\n<h3 class=\"wp-block-heading\">3. \u514d\u8cac\u4e8b\u9805<\/h3>\n\n\n\n<p>\u3053\u306e\u30a6\u30a7\u30d6\u30b5\u30a4\u30c8\u306b\u63b2\u8f09\u3055\u308c\u3066\u3044\u308b\u60c5\u5831\u306f\u3001\u4e00\u822c\u7684\u306a\u60c5\u5831\u63d0\u4f9b\u306e\u307f\u3092\u76ee\u7684\u3068\u3057\u3066\u3044\u307e\u3059\u3002Finance Belive Digital\u306f\u3001\u30b3\u30f3\u30c6\u30f3\u30c4\u306e\u6b63\u78ba\u6027\u3068\u6700\u65b0\u6027\u3092\u7dad\u6301\u3059\u308b\u3088\u3046\u52aa\u3081\u3066\u3044\u307e\u3059\u304c\u3001\u30b3\u30f3\u30c6\u30f3\u30c4\u306e\u5b8c\u5168\u6027\u3001\u6b63\u78ba\u6027\u3001\u4fe1\u983c\u6027\u306b\u95a2\u3057\u3066\u3001\u3044\u304b\u306a\u308b\u4fdd\u8a3c\u3082\u8868\u660e\u3082\u884c\u3044\u307e\u305b\u3093\u3002.<\/p>\n\n\n\n<p>\u3053\u306e\u30a6\u30a7\u30d6\u30b5\u30a4\u30c8\u306e\u60c5\u5831\u306b\u57fa\u3065\u3044\u3066\u884c\u3046\u3044\u304b\u306a\u308b\u884c\u52d5\u3082\u3001\u3059\u3079\u3066\u3054\u81ea\u8eab\u306e\u8cac\u4efb\u306b\u304a\u3044\u3066\u884c\u3063\u3066\u304f\u3060\u3055\u3044\u3002.<\/p>\n\n\n\n<h3 class=\"wp-block-heading\">4. \u8cac\u4efb\u306e\u5236\u9650<\/h3>\n\n\n\n<p>Finance Believe Digital\u306f\u3001\u5f53\u30a6\u30a7\u30d6\u30b5\u30a4\u30c8\u306e\u4f7f\u7528\u306b\u95a2\u9023\u3057\u3066\u767a\u751f\u3059\u308b\u3044\u304b\u306a\u308b\u640d\u5931\u304a\u3088\u3073\u640d\u5bb3\u306b\u5bfe\u3057\u3066\u3082\u8cac\u4efb\u3092\u8ca0\u3044\u307e\u305b\u3093\u3002.<\/p>\n\n\n\n<h3 class=\"wp-block-heading\">5. \u4ed6\u306e\u30b5\u30a4\u30c8\u3078\u306e\u30ea\u30f3\u30af<\/h3>\n\n\n\n<p>\u5f53\u30a6\u30a7\u30d6\u30b5\u30a4\u30c8\u306b\u306f\u3001\u5f53\u793e\u304c\u904b\u55b6\u3057\u3066\u3044\u306a\u3044\u5916\u90e8\u30b5\u30a4\u30c8\u3078\u306e\u30ea\u30f3\u30af\u304c\u542b\u307e\u308c\u3066\u3044\u308b\u5834\u5408\u304c\u3042\u308a\u307e\u3059\u3002\u5f53\u793e\u306f\u3053\u308c\u3089\u306e\u30b5\u30a4\u30c8\u306e\u30b3\u30f3\u30c6\u30f3\u30c4\u3084\u904b\u55b6\u65b9\u6cd5\u306b\u3064\u3044\u3066\u4e00\u5207\u7ba1\u7406\u3057\u3066\u304a\u3089\u305a\u3001\u305d\u308c\u305e\u308c\u306e\u30d7\u30e9\u30a4\u30d0\u30b7\u30fc\u30dd\u30ea\u30b7\u30fc\u3084\u5229\u7528\u898f\u7d04\u306b\u3064\u3044\u3066\u8cac\u4efb\u3092\u8ca0\u3046\u3053\u3068\u306f\u3067\u304d\u307e\u305b\u3093\u3002.<\/p>\n\n\n\n<h3 class=\"wp-block-heading\">6. \u672c\u898f\u7d04\u306e\u5909\u66f4<\/h3>\n\n\n\n<p>\u5f53\u793e\u306f\u3001\u672c\u5229\u7528\u898f\u7d04\u3092\u3044\u3064\u3067\u3082\u66f4\u65b0\u3059\u308b\u6a29\u5229\u3092\u7559\u4fdd\u3057\u307e\u3059\u3002\u5909\u66f4\u306f\u3001\u672c\u30da\u30fc\u30b8\u306b\u63b2\u8f09\u3055\u308c\u305f\u6642\u70b9\u3067\u76f4\u3061\u306b\u6709\u52b9\u3068\u306a\u308a\u307e\u3059\u3002\u30e6\u30fc\u30b6\u30fc\u306e\u7686\u69d8\u306b\u306f\u3001\u5909\u66f4\u304c\u306a\u3044\u304b\u5b9a\u671f\u7684\u306b\u672c\u30da\u30fc\u30b8\u3092\u3054\u78ba\u8a8d\u3044\u305f\u3060\u304f\u3053\u3068\u3092\u304a\u52e7\u3081\u3057\u307e\u3059\u3002.<\/p>\n\n\n\n<h3 class=\"wp-block-heading\">7. \u6e96\u62e0\u6cd5<\/h3>\n\n\n\n<p>\u672c\u898f\u7d04\u306f\u3001\u62b5\u89e6\u6cd5\u306e\u898f\u5b9a\u306b\u304b\u304b\u308f\u3089\u305a\u3001Finance Belive Digital\u304c\u4e8b\u696d\u3092\u884c\u3046\u6cd5\u57df\u306e\u6cd5\u5f8b\u306b\u6e96\u62e0\u3057\u3001\u540c\u6cd5\u306b\u5f93\u3063\u3066\u89e3\u91c8\u3055\u308c\u308b\u3082\u306e\u3068\u3057\u307e\u3059\u3002.<\/p>\n\n\n\n<h3 class=\"wp-block-heading\">8. \u9023\u7d61\u5148<\/h3>\n\n\n\n<p>\u672c\u5229\u7528\u898f\u7d04\u306b\u95a2\u3057\u3066\u3054\u8cea\u554f\u304c\u3042\u308b\u5834\u5408\u306f\u3001\u304a\u554f\u3044\u5408\u308f\u305b\u304f\u3060\u3055\u3044\u3002<\/p>\n\n\n\n<p>\ud83d\udce7 \u30e1\u30fc\u30eb\u30a2\u30c9\u30ec\u30b9: contato@finance.belivedigital.com<\/p>\n<\/body><\/html>","protected":false},"excerpt":{"rendered":"<p>Bem-vindo \u00e0 Finance Belive Digital. Ao acessar nosso site em https:\/\/finance.belivedigital.com, voc\u00ea concorda em cumprir e estar vinculado aos seguintes termos e condi\u00e7\u00f5es. Se voc\u00ea discordar de qualquer parte destes termos, por favor, n\u00e3o utilize nosso site. 1. Uso do Site Voc\u00ea concorda em usar este site apenas para fins l\u00edcitos e de uma forma que n\u00e3o infrinja os direitos de, restrinja ou iniba o uso e o aproveitamento do site por qualquer outra pessoa. 2. Propriedade Intelectual Todo o conte\u00fado publicado neste site, incluindo textos, gr\u00e1ficos, logotipos, imagens e outros materiais, \u00e9 de propriedade da Finance Belive Digital ou de seus fornecedores de conte\u00fado e est\u00e1 protegido por leis [&hellip;]<\/p>\n","protected":false},"author":2,"featured_media":0,"parent":0,"menu_order":0,"comment_status":"closed","ping_status":"closed","template":"","meta":{"footnotes":""},"class_list":["post-28","page","type-page","status-publish","hentry"],"_links":{"self":[{"href":"https:\/\/finance.belivedigital.com\/ja\/wp-json\/wp\/v2\/pages\/28","targetHints":{"allow":["GET"]}}],"collection":[{"href":"https:\/\/finance.belivedigital.com\/ja\/wp-json\/wp\/v2\/pages"}],"about":[{"href":"https:\/\/finance.belivedigital.com\/ja\/wp-json\/wp\/v2\/types\/page"}],"author":[{"embeddable":true,"href":"https:\/\/finance.belivedigital.com\/ja\/wp-json\/wp\/v2\/users\/2"}],"replies":[{"embeddable":true,"href":"https:\/\/finance.belivedigital.com\/ja\/wp-json\/wp\/v2\/comments?post=28"}],"version-history":[{"count":3,"href":"https:\/\/finance.belivedigital.com\/ja\/wp-json\/wp\/v2\/pages\/28\/revisions"}],"predecessor-version":[{"id":194,"href":"https:\/\/finance.belivedigital.com\/ja\/wp-json\/wp\/v2\/pages\/28\/revisions\/194"}],"wp:attachment":[{"href":"https:\/\/finance.belivedigital.com\/ja\/wp-json\/wp\/v2\/media?parent=28"}],"curies":[{"name":"wp","href":"https:\/\/api.w.org\/{rel}","templated":true}]}}