{"id":3,"date":"2025-12-17T14:21:23","date_gmt":"2025-12-17T14:21:23","guid":{"rendered":"http:\/\/finance.belivedigital.com\/?page_id=3"},"modified":"2026-04-24T18:00:56","modified_gmt":"2026-04-24T18:00:56","slug":"privacy-policy","status":"publish","type":"page","link":"https:\/\/finance.belivedigital.com\/ja\/privacy-policy\/","title":{"rendered":"\u30d7\u30e9\u30a4\u30d0\u30b7\u30fc\u30dd\u30ea\u30b7\u30fc"},"content":{"rendered":"<html><body><h2 class=\"wp-block-heading\">\u30d7\u30e9\u30a4\u30d0\u30b7\u30fc\u30dd\u30ea\u30b7\u30fc<\/h2>\n\n\n\n<p>\u5f53\u793e\u306f\u304a\u5ba2\u69d8\u306e\u30d7\u30e9\u30a4\u30d0\u30b7\u30fc\u3092\u771f\u5263\u306b\u8003\u3048\u3066\u3044\u307e\u3059\u3002Finance Believe Digital\u3067\u306f\u3001\u5f53\u793e\u306e\u30a6\u30a7\u30d6\u30b5\u30a4\u30c8\u304a\u3088\u3073\u5f53\u793e\u304c\u7ba1\u7406\u3059\u308b\u305d\u306e\u4ed6\u306e\u30a6\u30a7\u30d6\u30b5\u30a4\u30c8\u3067\u53ce\u96c6\u3055\u308c\u308b\u53ef\u80fd\u6027\u306e\u3042\u308b\u3059\u3079\u3066\u306e\u60c5\u5831\u306b\u95a2\u3057\u3066\u3001\u304a\u5ba2\u69d8\u306e\u30d7\u30e9\u30a4\u30d0\u30b7\u30fc\u3092\u4fdd\u8b77\u3059\u308b\u3053\u3068\u306b\u5c3d\u529b\u3057\u3066\u3044\u307e\u3059\u3002.<\/p>\n\n\n\n<p>\u5f53\u793e\u306f\u3001\u304a\u5ba2\u69d8\u306b\u30b5\u30fc\u30d3\u30b9\u3092\u63d0\u4f9b\u3059\u308b\u305f\u3081\u306b\u53b3\u5bc6\u306b\u5fc5\u8981\u306a\u5834\u5408\u306b\u306e\u307f\u3001\u500b\u4eba\u30c7\u30fc\u30bf\u3092\u53ce\u96c6\u3057\u307e\u3059\u3002\u3053\u306e\u30d7\u30ed\u30bb\u30b9\u306f\u3001\u5e38\u306b\u304a\u5ba2\u69d8\u306e\u540c\u610f\u3092\u5f97\u305f\u4e0a\u3067\u3001\u516c\u6b63\u304b\u3064\u5b8c\u5168\u306b\u900f\u660e\u6027\u306e\u3042\u308b\u65b9\u6cd5\u3067\u5b9f\u65bd\u3055\u308c\u307e\u3059\u3002\u3055\u3089\u306b\u3001\u5f53\u793e\u306f\u30c7\u30fc\u30bf\u53ce\u96c6\u306e\u7406\u7531\u3068\u60c5\u5831\u306e\u5229\u7528\u65b9\u6cd5\u306b\u3064\u3044\u3066\u3054\u8aac\u660e\u3057\u307e\u3059\u3002.<\/p>\n\n\n\n<p>\u53ce\u96c6\u3057\u305f\u30c7\u30fc\u30bf\u306f\u3001\u3054\u4f9d\u983c\u3044\u305f\u3060\u3044\u305f\u30b5\u30fc\u30d3\u30b9\u306e\u63d0\u4f9b\u306b\u5fc5\u8981\u306a\u671f\u9593\u306e\u307f\u4fdd\u6301\u3057\u307e\u3059\u3002\u4fdd\u5b58\u3055\u308c\u305f\u30c7\u30fc\u30bf\u306f\u3001\u7d1b\u5931\u3001\u76d7\u96e3\u3001\u4e0d\u6b63\u30a2\u30af\u30bb\u30b9\u3001\u4e0d\u9069\u5207\u306a\u958b\u793a\u3001\u8907\u88fd\u3001\u6539\u3056\u3093\u306a\u3069\u3001\u3042\u3089\u3086\u308b\u4e8b\u614b\u304b\u3089\u4fdd\u8b77\u3059\u308b\u305f\u3081\u306b\u3001\u696d\u754c\u6a19\u6e96\u306e\u30bb\u30ad\u30e5\u30ea\u30c6\u30a3\u5bfe\u7b56\u3092\u8b1b\u3058\u3066\u3044\u307e\u3059\u3002.<\/p>\n\n\n\n<p>\u5f53\u793e\u306f\u3001\u6cd5\u7684\u7fa9\u52d9\u306b\u3088\u308a\u958b\u793a\u304c\u6c42\u3081\u3089\u308c\u308b\u5834\u5408\u3092\u9664\u304d\u3001\u304a\u5ba2\u69d8\u306e\u500b\u4eba\u30c7\u30fc\u30bf\u3092\u516c\u958b\u3057\u305f\u308a\u3001\u7b2c\u4e09\u8005\u306b\u958b\u793a\u3057\u305f\u308a\u3059\u308b\u3053\u3068\u306f\u3042\u308a\u307e\u305b\u3093\u3002.<\/p>\n\n\n\n<p>\u5f53\u30a6\u30a7\u30d6\u30b5\u30a4\u30c8\u306b\u306f\u3001\u5f53\u793e\u304c\u7ba1\u7406\u3057\u3066\u3044\u306a\u3044\u5916\u90e8\u30a6\u30a7\u30d6\u30b5\u30a4\u30c8\u3078\u306e\u30ea\u30f3\u30af\u304c\u542b\u307e\u308c\u3066\u3044\u308b\u5834\u5408\u304c\u3042\u308a\u307e\u3059\u3002\u3053\u308c\u3089\u306e\u5916\u90e8\u30a6\u30a7\u30d6\u30b5\u30a4\u30c8\u306e\u30d7\u30e9\u30a4\u30d0\u30b7\u30fc\u30dd\u30ea\u30b7\u30fc\u3084\u30b3\u30f3\u30c6\u30f3\u30c4\u306b\u3064\u3044\u3066\u306f\u3001\u5f53\u793e\u306f\u4e00\u5207\u8cac\u4efb\u3092\u8ca0\u3044\u307e\u305b\u3093\u306e\u3067\u3054\u4e86\u627f\u304f\u3060\u3055\u3044\u3002.<\/p>\n\n\n\n<p>\u304a\u5ba2\u69d8\u306b\u306f\u500b\u4eba\u30c7\u30fc\u30bf\u306e\u63d0\u4f9b\u3092\u62d2\u5426\u3059\u308b\u6a29\u5229\u304c\u3042\u308a\u307e\u3059\u304c\u3001\u305d\u306e\u5834\u5408\u3001\u5f53\u793e\u304c\u304a\u5ba2\u69d8\u306b\u63d0\u4f9b\u3067\u304d\u308b\u30b5\u30fc\u30d3\u30b9\u306e\u4e00\u90e8\u304c\u5236\u9650\u3055\u308c\u308b\u53ef\u80fd\u6027\u304c\u3042\u308a\u307e\u3059\u3002.<\/p>\n\n\n\n<p>\u5f53\u30a6\u30a7\u30d6\u30b5\u30a4\u30c8\u3092\u7d99\u7d9a\u3057\u3066\u3054\u5229\u7528\u3044\u305f\u3060\u304f\u3053\u3068\u3067\u3001\u304a\u5ba2\u69d8\u306f\u5f53\u793e\u306e\u30d7\u30e9\u30a4\u30d0\u30b7\u30fc\u4fdd\u8b77\u304a\u3088\u3073\u500b\u4eba\u60c5\u5831\u51e6\u7406\u306b\u95a2\u3059\u308b\u65b9\u91dd\u306b\u540c\u610f\u3055\u308c\u305f\u3082\u306e\u3068\u307f\u306a\u3055\u308c\u307e\u3059\u3002\u304a\u5ba2\u69d8\u306e\u60c5\u5831\u304c\u3069\u306e\u3088\u3046\u306b\u53d6\u308a\u6271\u308f\u308c\u308b\u304b\u306b\u3064\u3044\u3066\u3054\u8cea\u554f\u304c\u3054\u3056\u3044\u307e\u3057\u305f\u3089\u3001\u304a\u6c17\u8efd\u306b\u304a\u554f\u3044\u5408\u308f\u305b\u304f\u3060\u3055\u3044\u3002.<\/p>\n\n\n\n<h3 class=\"wp-block-heading\">\u30a6\u30a7\u30d6\u30b5\u30a4\u30c8\u30bb\u30ad\u30e5\u30ea\u30c6\u30a3\u30d5\u30a1\u30a4\u30ca\u30f3\u30b9\u30c7\u30b8\u30bf\u30eb\u3092\u4fe1\u3058\u3088\u3046<\/h3>\n\n\n\n<p>\u30a6\u30a7\u30d6\u30b5\u30a4\u30c8\u30c1\u30a7\u30c3\u30af\u306b\u3088\u308b\u3068\u3001\u3053\u306e\u30a6\u30a7\u30d6\u30b5\u30a4\u30c8\u306f\u30e6\u30fc\u30b6\u30fc\u306b\u3068\u3063\u3066\u4fe1\u983c\u6027\u304c\u9ad8\u304f\u5b89\u5168\u3067\u3059\u3002\u3053\u306e\u30da\u30fc\u30b8\u306f\u3001\u30a6\u30a7\u30d6\u30b5\u30a4\u30c8\u306e\u60c5\u5831\u3092\u691c\u8a3c\u3057\u3001\u6f5c\u5728\u7684\u306a\u30bb\u30ad\u30e5\u30ea\u30c6\u30a3\u4e0a\u306e\u554f\u984c\u3092\u7279\u5b9a\u3057\u307e\u3059\u3002.<\/p>\n\n\n\n<h2 class=\"wp-block-heading\">Finance Belive Digital\u306e\u30af\u30c3\u30ad\u30fc\u30dd\u30ea\u30b7\u30fc<\/h2>\n\n\n\n<p id=\"p-rc_a6c93c336bf820e8-19\"><strong>\u30af\u30c3\u30ad\u30fc\u3068\u306f\u4f55\u3067\u3059\u304b\uff1f<\/strong><\/p>\n\n\n\n<p id=\"p-rc_a6c93c336bf820e8-19\">\u307b\u307c\u3059\u3079\u3066\u306e\u30d7\u30ed\u30d5\u30a7\u30c3\u30b7\u30e7\u30ca\u30eb\u306a\u30a6\u30a7\u30d6\u30b5\u30a4\u30c8\u3068\u540c\u69d8\u306b\u3001\u3053\u306e\u30b5\u30a4\u30c8\u3082\u30e6\u30fc\u30b6\u30fc\u30a8\u30af\u30b9\u30da\u30ea\u30a8\u30f3\u30b9\u5411\u4e0a\u306e\u305f\u3081\u3001\u304a\u4f7f\u3044\u306e\u30b3\u30f3\u30d4\u30e5\u30fc\u30bf\u30fc\u306b\u30c0\u30a6\u30f3\u30ed\u30fc\u30c9\u3055\u308c\u308b\u5c0f\u3055\u306a\u30d5\u30a1\u30a4\u30eb\u3067\u3042\u308b\u30af\u30c3\u30ad\u30fc\u3092\u4f7f\u7528\u3057\u3066\u3044\u307e\u3059\u3002\u3053\u306e\u30da\u30fc\u30b8\u3067\u306f\u3001\u30af\u30c3\u30ad\u30fc\u304c\u53ce\u96c6\u3059\u308b\u60c5\u5831\u306b\u3064\u3044\u3066\u8aac\u660e\u3057\u307e\u3059\u3002<sup><\/sup>\u307e\u305f\u3001\u30af\u30c3\u30ad\u30fc\u306e\u4f7f\u7528\u65b9\u6cd5\u3068\u3001\u306a\u305c\u3053\u308c\u3089\u306e\u30af\u30c3\u30ad\u30fc\u3092\u4fdd\u5b58\u3059\u308b\u5fc5\u8981\u304c\u3042\u308b\u5834\u5408\u304c\u3042\u308b\u306e\u304b\u306b\u3064\u3044\u3066\u3082\u8aac\u660e\u3057\u307e\u3059\u3002 <sup><\/sup>\u305f\u3060\u3057\u3001\u3053\u308c\u3089\u306e\u30af\u30c3\u30ad\u30fc\u306e\u4fdd\u5b58\u3092\u9632\u6b62\u3059\u308b\u3068\u3001\u30b5\u30a4\u30c8\u306e\u6a5f\u80fd\u306e\u4e00\u90e8\u304c\u4f4e\u4e0b\u3057\u305f\u308a\u3001\u52d5\u4f5c\u3057\u306a\u304f\u306a\u3063\u305f\u308a\u3059\u308b\u53ef\u80fd\u6027\u304c\u3042\u308a\u307e\u3059\u3002.<\/p>\n\n\n\n<p id=\"p-rc_a6c93c336bf820e8-20\"><strong>\u30af\u30c3\u30ad\u30fc\u306f\u3069\u306e\u3088\u3046\u306b\u4f7f\u7528\u3055\u308c\u307e\u3059\u304b\uff1f<\/strong><\/p>\n\n\n\n<p id=\"p-rc_a6c93c336bf820e8-20\">\u5f0a\u793e\u3067\u306f\u3001\u4ee5\u4e0b\u306b\u8a73\u8ff0\u3059\u308b\u3044\u304f\u3064\u304b\u306e\u7406\u7531\u3067\u30af\u30c3\u30ad\u30fc\u3092\u4f7f\u7528\u3057\u3066\u3044\u307e\u3059\u3002\u6b8b\u5ff5\u306a\u304c\u3089\u3001\u307b\u3068\u3093\u3069\u306e\u5834\u5408\u3001\u30af\u30c3\u30ad\u30fc\u306e\u6a5f\u80fd\u3084\u7279\u5fb4\u3092\u5b8c\u5168\u306b\u7121\u52b9\u306b\u3059\u308b\u3053\u3068\u306a\u304f\u30af\u30c3\u30ad\u30fc\u3092\u7121\u52b9\u306b\u3059\u308b\u305f\u3081\u306e\u696d\u754c\u6a19\u6e96\u306e\u30aa\u30d7\u30b7\u30e7\u30f3\u306f\u5b58\u5728\u3057\u307e\u305b\u3093\u3002<sup><\/sup>\u30aa\u30ca\u30e0\u30fb\u30a2\u30fb\u30a8\u30b9\u30c6\u30fb\u30b7\u30c3\u30c8<sup><\/sup>e. \u5fc5\u8981\u304b\u3069\u3046\u304b\u4e0d\u660e\u306a\u5834\u5408\u306f\u3001\u4f7f\u7528\u3057\u3066\u3044\u308b\u30b5\u30fc\u30d3\u30b9\u3092\u63d0\u4f9b\u3059\u308b\u305f\u3081\u306b\u30af\u30c3\u30ad\u30fc\u304c\u4f7f\u7528\u3055\u308c\u3066\u3044\u308b\u53ef\u80fd\u6027\u304c\u3042\u308b\u305f\u3081\u3001\u3059\u3079\u3066\u306e\u30af\u30c3\u30ad\u30fc\u3092\u6709\u52b9\u306b\u3057\u3066\u304a\u304f\u3053\u3068\u3092\u304a\u52e7\u3081\u3057\u307e\u3059\u3002.<\/p>\n\n\n\n<p id=\"p-rc_a6c93c336bf820e8-21\"><strong>\u30af\u30c3\u30ad\u30fc\u3092\u7121\u52b9\u306b\u3059\u308b<\/strong><sup><\/sup><\/p>\n\n\n\n<p id=\"p-rc_a6c93c336bf820e8-21\">\u30d6\u30e9\u30a6\u30b6\u306e\u8a2d\u5b9a\u3092\u5909\u66f4\u3059\u308b\u3053\u3068\u3067\u3001Cookie\u306e\u8a2d\u5b9a\u3092\u9632\u6b62\u3067\u304d\u307e\u3059\uff08\u8a2d\u5b9a\u65b9\u6cd5\u306f\u30d6\u30e9\u30a6\u30b6\u306e\u30d8\u30eb\u30d7\u3092\u53c2\u7167\u3057\u3066\u304f\u3060\u3055\u3044\uff09\u3002\u305f\u3060\u3057\u3001Cookie\u3092\u7121\u52b9\u306b\u3059\u308b\u3068\u3001\u30d6\u30e9\u30a6\u30b6\u304c\u6b63\u5e38\u306b\u52d5\u4f5c\u3057\u306a\u304f\u306a\u308b\u5834\u5408\u304c\u3042\u308b\u3053\u3068\u306b\u3054\u6ce8\u610f\u304f\u3060\u3055\u3044\u3002<sup><\/sup>Cookie\u3092\u7121\u52b9\u306b\u3059\u308b\u3068\u3001\u3053\u306e\u30b5\u30a4\u30c8\u3060\u3051\u3067\u306a\u304f\u3001\u30a2\u30af\u30bb\u30b9\u3059\u308b\u4ed6\u306e\u591a\u304f\u306e\u30a6\u30a7\u30d6\u30b5\u30a4\u30c8\u306e\u6a5f\u80fd\u306b\u3082\u5f71\u97ff\u304c\u51fa\u307e\u3059\u3002Cookie\u3092\u7121\u52b9\u306b\u3059\u308b\u3068\u3001\u4e00\u822c\u7684\u306b\u3053\u306e\u30b5\u30a4\u30c8\u306e\u7279\u5b9a\u306e\u6a5f\u80fd\u304c\u5229\u7528\u3067\u304d\u306a\u304f\u306a\u308a\u307e\u3059\u3002\u305d\u306e\u305f\u3081\u3001Cookie\u3092\u7121\u52b9\u306b\u3057\u306a\u3044\u3053\u3068\u3092\u304a\u52e7\u3081\u3057\u307e\u3059\u3002.<\/p>\n\n\n\n<h3 class=\"wp-block-heading\">\u5f53\u793e\u304c\u8a2d\u5b9a\u3059\u308b\u30af\u30c3\u30ad\u30fc<\/h3>\n\n\n\n<ul class=\"wp-block-list\">\n<li><strong>\u30a2\u30ab\u30a6\u30f3\u30c8\u95a2\u9023\u306e\u30af\u30c3\u30ad\u30fc\uff1a<\/strong> \u304a\u5ba2\u69d8\u304c\u30a2\u30ab\u30a6\u30f3\u30c8\u3092\u4f5c\u6210\u3055\u308c\u305f\u5834\u5408\u3001\u767b\u9332\u624b\u7d9a\u304d\u304a\u3088\u3073\u4e00\u822c\u7684\u306a\u7ba1\u7406\u306e\u305f\u3081\u306b\u30af\u30c3\u30ad\u30fc\u3092\u4f7f\u7528\u3057\u307e\u3059\u3002\u3053\u308c\u3089\u306e\u30af\u30c3\u30ad\u30fc\u306f\u901a\u5e38\u3001\u304a\u5ba2\u69d8\u304c\u30b7\u30b9\u30c6\u30e0\u304b\u3089\u30ed\u30b0\u30a2\u30a6\u30c8\u3059\u308b\u3068\u524a\u9664\u3055\u308c\u307e\u3059\u304c\u3001\u5834\u5408\u306b\u3088\u3063\u3066\u306f\u3001\u304a\u5ba2\u69d8\u304c\u30b5\u30a4\u30c8\u3092\u96e2\u308c\u305f\u5f8c\u3082\u304a\u5ba2\u69d8\u306e\u8a2d\u5b9a\u3092\u8a18\u61b6\u3059\u308b\u305f\u3081\u306b\u6b8b\u308b\u5834\u5408\u304c\u3042\u308a\u307e\u3059\u3002.<\/li>\n\n\n\n<li><strong>\u30ed\u30b0\u30a4\u30f3\u306b\u95a2\u9023\u3059\u308b\u30af\u30c3\u30ad\u30fc\uff1a<\/strong> \u30ed\u30b0\u30a4\u30f3\u72b6\u614b\u3092\u8a18\u61b6\u3059\u308b\u305f\u3081\u306b\u3001\u30af\u30c3\u30ad\u30fc\u3092\u4f7f\u7528\u3057\u3066\u3044\u307e\u3059\u3002\u3053\u308c\u306b\u3088\u308a\u3001\u65b0\u3057\u3044\u30da\u30fc\u30b8\u306b\u30a2\u30af\u30bb\u30b9\u3059\u308b\u305f\u3073\u306b\u30ed\u30b0\u30a4\u30f3\u3059\u308b\u5fc5\u8981\u304c\u306a\u304f\u306a\u308a\u307e\u3059\u3002\u3053\u308c\u3089\u306e\u30af\u30c3\u30ad\u30fc\u306f\u901a\u5e38\u3001\u30ed\u30b0\u30a2\u30a6\u30c8\u6642\u306b\u524a\u9664\u307e\u305f\u306f\u30af\u30ea\u30a2\u3055\u308c\u3001\u30ed\u30b0\u30a4\u30f3\u3057\u3066\u3044\u308b\u5834\u5408\u306b\u306e\u307f\u5236\u9650\u3055\u308c\u305f\u6a5f\u80fd\u3084\u9818\u57df\u306b\u30a2\u30af\u30bb\u30b9\u3067\u304d\u308b\u3088\u3046\u306b\u3057\u307e\u3059\u3002.<\/li>\n\n\n\n<li><strong>\u30e1\u30fc\u30eb\u30cb\u30e5\u30fc\u30b9\u30ec\u30bf\u30fc\u306b\u95a2\u9023\u3059\u308b\u30af\u30c3\u30ad\u30fc\uff1a<\/strong> \u3053\u306e\u30a6\u30a7\u30d6\u30b5\u30a4\u30c8\u3067\u306f\u30cb\u30e5\u30fc\u30b9\u30ec\u30bf\u30fc\u307e\u305f\u306f\u30e1\u30fc\u30eb\u8cfc\u8aad\u30b5\u30fc\u30d3\u30b9\u3092\u63d0\u4f9b\u3057\u3066\u304a\u308a\u3001\u30af\u30c3\u30ad\u30fc\u3092\u4f7f\u7528\u3057\u3066\u3001\u304a\u5ba2\u69d8\u304c\u65e2\u306b\u767b\u9332\u6e08\u307f\u304b\u3069\u3046\u304b\u3001\u307e\u305f\u767b\u9332\u30e6\u30fc\u30b6\u30fc\u307e\u305f\u306f\u672a\u767b\u9332\u30e6\u30fc\u30b6\u30fc\u306e\u307f\u306b\u6709\u52b9\u306a\u7279\u5b9a\u306e\u901a\u77e5\u3092\u8868\u793a\u3059\u308b\u304b\u3069\u3046\u304b\u3092\u8a18\u61b6\u3059\u308b\u5834\u5408\u304c\u3042\u308a\u307e\u3059\u3002.<\/li>\n\n\n\n<li><strong>\u6ce8\u6587\u51e6\u7406\u306b\u95a2\u9023\u3059\u308b\u30af\u30c3\u30ad\u30fc\uff1a<\/strong> \u3053\u306e\u30a6\u30a7\u30d6\u30b5\u30a4\u30c8\u306f\u96fb\u5b50\u5546\u53d6\u5f15\u304a\u3088\u3073\u6c7a\u6e08\u6a5f\u80fd\u3092\u63d0\u4f9b\u3057\u3066\u304a\u308a\u3001\u304a\u5ba2\u69d8\u306e\u3054\u6ce8\u6587\u5185\u5bb9\u3092\u30da\u30fc\u30b8\u9593\u3067\u8a18\u61b6\u3057\u3001\u9069\u5207\u306b\u51e6\u7406\u3059\u308b\u305f\u3081\u306b\u3001\u4e00\u90e8\u306e\u30af\u30c3\u30ad\u30fc\u306f\u4e0d\u53ef\u6b20\u3067\u3059\u3002.<\/li>\n\n\n\n<li><strong>\u691c\u7d22\u306b\u95a2\u9023\u3059\u308b\u30af\u30c3\u30ad\u30fc\uff1a<\/strong> \u5f53\u793e\u3067\u306f\u3001\u8208\u5473\u6df1\u3044\u60c5\u5831\u3084\u4fbf\u5229\u306a\u30c4\u30fc\u30eb\u3092\u63d0\u4f9b\u3057\u305f\u308a\u3001\u30e6\u30fc\u30b6\u30fc\u5c64\u3092\u3088\u308a\u6b63\u78ba\u306b\u628a\u63e1\u3057\u305f\u308a\u3059\u308b\u305f\u3081\u306b\u3001\u5b9a\u671f\u7684\u306b\u30a2\u30f3\u30b1\u30fc\u30c8\u3084\u8cea\u554f\u7968\u3092\u5b9f\u65bd\u3057\u3066\u3044\u307e\u3059\u3002\u3053\u308c\u3089\u306e\u30a2\u30f3\u30b1\u30fc\u30c8\u3067\u306f\u3001\u65e2\u306b\u30a2\u30f3\u30b1\u30fc\u30c8\u306b\u53c2\u52a0\u3057\u305f\u30e6\u30fc\u30b6\u30fc\u3092\u8a18\u61b6\u3057\u305f\u308a\u3001\u30da\u30fc\u30b8\u9077\u79fb\u5f8c\u3082\u6b63\u78ba\u306a\u7d50\u679c\u3092\u8868\u793a\u3057\u305f\u308a\u3059\u308b\u305f\u3081\u306b\u3001Cookie\u3092\u4f7f\u7528\u3059\u308b\u5834\u5408\u304c\u3042\u308a\u307e\u3059\u3002.<\/li>\n\n\n\n<li><strong>\u30d5\u30a9\u30fc\u30e0\u306b\u95a2\u9023\u3059\u308b\u30af\u30c3\u30ad\u30fc\uff1a<\/strong> \u304a\u554f\u3044\u5408\u308f\u305b\u30da\u30fc\u30b8\u3084\u30d5\u30a3\u30fc\u30c9\u30d0\u30c3\u30af\u30d5\u30a9\u30fc\u30e0\u306a\u3069\u3001\u30d5\u30a9\u30fc\u30e0\u3092\u901a\u3058\u3066\u30c7\u30fc\u30bf\u3092\u9001\u4fe1\u3059\u308b\u3068\u3001\u4eca\u5f8c\u306e\u3084\u308a\u53d6\u308a\u306e\u305f\u3081\u306b\u30e6\u30fc\u30b6\u30fc\u60c5\u5831\u3092\u8a18\u61b6\u3059\u308b\u305f\u3081\u306bCookie\u304c\u8a2d\u5b9a\u3055\u308c\u308b\u5834\u5408\u304c\u3042\u308a\u307e\u3059\u3002.<\/li>\n\n\n\n<li><strong>\u30b5\u30a4\u30c8\u8a2d\u5b9a\u30af\u30c3\u30ad\u30fc\uff1a<\/strong> \u5f53\u30b5\u30a4\u30c8\u3092\u5feb\u9069\u306b\u3054\u5229\u7528\u3044\u305f\u3060\u304f\u305f\u3081\u306b\u3001\u30b5\u30a4\u30c8\u306e\u52d5\u4f5c\u306b\u95a2\u3059\u308b\u8a2d\u5b9a\u3092\u30ab\u30b9\u30bf\u30de\u30a4\u30ba\u3067\u304d\u308b\u6a5f\u80fd\u3092\u3054\u7528\u610f\u3057\u3066\u3044\u307e\u3059\u3002\u8a2d\u5b9a\u5185\u5bb9\u3092\u8a18\u61b6\u3059\u308b\u305f\u3081\u306b\u3001\u30af\u30c3\u30ad\u30fc\u3092\u8a2d\u5b9a\u3059\u308b\u5fc5\u8981\u304c\u3042\u308a\u307e\u3059\u3002\u3053\u308c\u306b\u3088\u308a\u3001\u8a2d\u5b9a\u5185\u5bb9\u304c\u53cd\u6620\u3055\u308c\u308b\u30da\u30fc\u30b8\u306b\u30a2\u30af\u30bb\u30b9\u3059\u308b\u305f\u3073\u306b\u3001\u305d\u306e\u60c5\u5831\u304c\u53d6\u5f97\u3055\u308c\u307e\u3059\u3002.<\/li>\n<\/ul>\n\n\n\n<h3 class=\"wp-block-heading\">\u30b5\u30fc\u30c9\u30d1\u30fc\u30c6\u30a3Cookie<\/h3>\n\n\n\n<p id=\"p-rc_a6c93c336bf820e8-27\">\u7279\u5225\u306a\u5834\u5408\u3001\u5f53\u793e\u306f\u4fe1\u983c\u3067\u304d\u308b\u7b2c\u4e09\u8005\u304b\u3089\u63d0\u4f9b\u3055\u308c\u308b\u30af\u30c3\u30ad\u30fc\u3082\u4f7f\u7528\u3057\u307e\u3059\u3002\u4ee5\u4e0b\u306e\u30bb\u30af\u30b7\u30e7\u30f3\u3067\u306f\u3001\u3053\u306e\u30a6\u30a7\u30d6\u30b5\u30a4\u30c8\u3092\u901a\u3058\u3066\u304a\u5ba2\u69d8\u304c\u906d\u9047\u3059\u308b\u53ef\u80fd\u6027\u306e\u3042\u308b\u7b2c\u4e09\u8005\u30af\u30c3\u30ad\u30fc\u306b\u3064\u3044\u3066\u8a73\u3057\u304f\u8aac\u660e\u3057\u307e\u3059\u3002.<sup><\/sup><\/p>\n\n\n\n<ul class=\"wp-block-list\">\n<li>\u3053\u306e\u30b5\u30a4\u30c8\u306f <strong>Google\u30a2\u30ca\u30ea\u30c6\u30a3\u30af\u30b9<\/strong>, Google Analytics\u306f\u3001\u30a6\u30a7\u30d6\u4e0a\u3067\u6700\u3082\u5e83\u304f\u5229\u7528\u3055\u308c\u3001\u4fe1\u983c\u3055\u308c\u3066\u3044\u308b\u5206\u6790\u30bd\u30ea\u30e5\u30fc\u30b7\u30e7\u30f3\u306e\u4e00\u3064\u3067\u3059\u3002Google Analytics\u306f\u3001\u304a\u5ba2\u69d8\u304c\u5f53\u30b5\u30a4\u30c8\u3092\u3069\u306e\u3088\u3046\u306b\u5229\u7528\u3055\u308c\u3066\u3044\u308b\u304b\u3092\u628a\u63e1\u3057\u3001\u304a\u5ba2\u69d8\u306e\u5229\u4fbf\u6027\u3092\u5411\u4e0a\u3055\u305b\u308b\u305f\u3081\u306b\u5f79\u7acb\u3061\u307e\u3059\u3002\u3053\u308c\u3089\u306eCookie\u306f\u3001\u304a\u5ba2\u69d8\u304c\u30b5\u30a4\u30c8\u306b\u6ede\u5728\u3057\u305f\u6642\u9593\u3084\u95b2\u89a7\u3057\u305f\u30da\u30fc\u30b8\u306a\u3069\u3092\u8ffd\u8de1\u3057\u3001\u9b45\u529b\u7684\u306a\u30b3\u30f3\u30c6\u30f3\u30c4\u5236\u4f5c\u3092\u7d99\u7d9a\u3059\u308b\u305f\u3081\u306b\u6d3b\u7528\u3055\u308c\u307e\u3059\u3002Google Analytics\u306eCookie\u306b\u95a2\u3059\u308b\u8a73\u7d30\u306f\u3001Google Analytics\u306e\u516c\u5f0f\u30da\u30fc\u30b8\u3092\u3054\u89a7\u304f\u3060\u3055\u3044\u3002.<\/li>\n\n\n\n<li>\u5f53\u30b5\u30a4\u30c8\u3067\u306f\u3001\u9b45\u529b\u7684\u306a\u30b3\u30f3\u30c6\u30f3\u30c4\u5236\u4f5c\u3092\u7d99\u7d9a\u3059\u308b\u305f\u3081\u306b\u3001\u7b2c\u4e09\u8005\u6a5f\u95a2\u306b\u3088\u308b\u5206\u6790\u30c4\u30fc\u30eb\u3092\u7528\u3044\u3066\u30b5\u30a4\u30c8\u306e\u5229\u7528\u72b6\u6cc1\u3092\u8ffd\u8de1\u30fb\u6e2c\u5b9a\u3057\u3066\u3044\u307e\u3059\u3002\u3053\u308c\u3089\u306eCookie\u306f\u3001\u30b5\u30a4\u30c8\u6ede\u5728\u6642\u9593\u3084\u95b2\u89a7\u30da\u30fc\u30b8\u306a\u3069\u3092\u8ffd\u8de1\u3057\u3001\u30b5\u30a4\u30c8\u306e\u6539\u5584\u306b\u5f79\u7acb\u3066\u3066\u3044\u307e\u3059\u3002.<\/li>\n\n\n\n<li>\u5b9a\u671f\u7684\u306b\u65b0\u6a5f\u80fd\u306e\u30c6\u30b9\u30c8\u3084\u30b5\u30a4\u30c8\u306e\u5916\u89b3\u306e\u5fae\u8abf\u6574\u3092\u884c\u3063\u3066\u3044\u307e\u3059\u3002\u65b0\u6a5f\u80fd\u306e\u30c6\u30b9\u30c8\u4e2d\u306f\u3001\u30b5\u30a4\u30c8\u4e0a\u3067\u306e\u4e00\u8cab\u3057\u305f\u30e6\u30fc\u30b6\u30fc\u30a8\u30af\u30b9\u30da\u30ea\u30a8\u30f3\u30b9\u3092\u78ba\u4fdd\u3057\u3001\u30e6\u30fc\u30b6\u30fc\u304c\u3069\u306e\u6700\u9069\u5316\u3092\u6700\u3082\u9ad8\u304f\u8a55\u4fa1\u3057\u3066\u3044\u308b\u304b\u3092\u628a\u63e1\u3059\u308b\u305f\u3081\u306b\u3001\u3053\u308c\u3089\u306eCookie\u3092\u4f7f\u7528\u3059\u308b\u5834\u5408\u304c\u3042\u308a\u307e\u3059\u3002.<\/li>\n\n\n\n<li>\u5f0a\u793e\u3067\u306f\u5546\u54c1\u3092\u8ca9\u58f2\u3057\u3066\u3044\u308b\u305f\u3081\u3001\u30a6\u30a7\u30d6\u30b5\u30a4\u30c8\u8a2a\u554f\u8005\u306e\u3046\u3061\u5b9f\u969b\u306b\u8cfc\u5165\u306b\u81f3\u308b\u4eba\u6570\u3092\u628a\u63e1\u3059\u308b\u3053\u3068\u304c\u91cd\u8981\u3067\u3059\u3002\u3053\u308c\u3089\u306e\u30af\u30c3\u30ad\u30fc\u306f\u3001\u307e\u3055\u306b\u305d\u306e\u3088\u3046\u306a\u30c7\u30fc\u30bf\u3092\u8ffd\u8de1\u3057\u307e\u3059\u3002\u3053\u308c\u306f\u304a\u5ba2\u69d8\u306b\u3068\u3063\u3066\u3082\u91cd\u8981\u3067\u3059\u3002\u306a\u305c\u306a\u3089\u3001\u5f0a\u793e\u304c\u6b63\u78ba\u306a\u4e8b\u696d\u4e88\u6e2c\u3092\u7acb\u3066\u3001\u5e83\u544a\u8cbb\u3084\u5546\u54c1\u30b3\u30b9\u30c8\u3092\u5206\u6790\u3057\u3066\u3001\u53ef\u80fd\u306a\u9650\u308a\u6700\u826f\u306e\u4fa1\u683c\u3092\u63d0\u4f9b\u3067\u304d\u308b\u304b\u3089\u3067\u3059\u3002.<\/li>\n<\/ul>\n\n\n\n<h2 class=\"wp-block-heading\">\u30e6\u30fc\u30b6\u30fc\u306e\u30b3\u30df\u30c3\u30c8\u30e1\u30f3\u30c8<\/h2>\n\n\n\n<p>\u5229\u7528\u8005\u306f\u3001Finance Belive Digital\u304c\u30a6\u30a7\u30d6\u30b5\u30a4\u30c8\u4e0a\u3067\u63d0\u4f9b\u3059\u308b\u30b3\u30f3\u30c6\u30f3\u30c4\u304a\u3088\u3073\u60c5\u5831\u3092\u9069\u5207\u306b\u5229\u7528\u3059\u308b\u3053\u3068\u306b\u540c\u610f\u3059\u308b\u3082\u306e\u3068\u3057\u3001\u4f8b\u3068\u3057\u3066\u3001\u305f\u3060\u3057\u3053\u308c\u306b\u9650\u5b9a\u3055\u308c\u308b\u3082\u306e\u3067\u306f\u306a\u3044\u304c\u3001\u4ee5\u4e0b\u306e\u4e8b\u9805\u306b\u540c\u610f\u3059\u308b\u3082\u306e\u3068\u3059\u308b\u3002<\/p>\n\n\n\n<p>A) \u9055\u6cd5\u884c\u70ba\u3001\u307e\u305f\u306f\u4fe1\u7fa9\u8aa0\u5b9f\u304a\u3088\u3073\u516c\u5171\u306e\u79e9\u5e8f\u306b\u53cd\u3059\u308b\u884c\u70ba\u306b\u5f93\u4e8b\u3057\u306a\u3044\u3053\u3068\u3002;<\/p>\n\n\n\n<p>B) \u4eba\u7a2e\u5dee\u5225\u7684\u307e\u305f\u306f\u5916\u56fd\u4eba\u5acc\u60aa\u7684\u306a\u6027\u8cea\u306e\u5ba3\u4f1d\u3084\u30b3\u30f3\u30c6\u30f3\u30c4\u3001\u30ae\u30e3\u30f3\u30d6\u30eb\u3001\u8ced\u535a\u3001\u3042\u3089\u3086\u308b\u7a2e\u985e\u306e\u9055\u6cd5\u30dd\u30eb\u30ce\u3001\u30c6\u30ed\u30ea\u30ba\u30e0\u306e\u6247\u52d5\u3001\u4eba\u6a29\u4fb5\u5bb3\u306b\u95a2\u9023\u3059\u308b\u30b3\u30f3\u30c6\u30f3\u30c4\u3092\u62e1\u6563\u3057\u306a\u3044\u3053\u3068\u3002;<\/p>\n\n\n\n<p>C) \u30b3\u30f3\u30d4\u30e5\u30fc\u30bf\u30a6\u30a4\u30eb\u30b9\u3084\u3001\u524d\u8ff0\u306e\u640d\u5bb3\u3092\u5f15\u304d\u8d77\u3053\u3059\u53ef\u80fd\u6027\u306e\u3042\u308b\u305d\u306e\u4ed6\u306e\u30cf\u30fc\u30c9\u30a6\u30a7\u30a2\u307e\u305f\u306f\u30bd\u30d5\u30c8\u30a6\u30a7\u30a2\u30b7\u30b9\u30c6\u30e0\u3092\u5c0e\u5165\u307e\u305f\u306f\u62e1\u6563\u3059\u308b\u3053\u3068\u306b\u3088\u308a\u3001Finance Belive Digital\u3001\u305d\u306e\u30b5\u30d7\u30e9\u30a4\u30e4\u30fc\u307e\u305f\u306f\u7b2c\u4e09\u8005\u306e\u7269\u7406\u7684\uff08\u30cf\u30fc\u30c9\u30a6\u30a7\u30a2\uff09\u30b7\u30b9\u30c6\u30e0\u304a\u3088\u3073\u8ad6\u7406\u7684\uff08\u30bd\u30d5\u30c8\u30a6\u30a7\u30a2\uff09\u30b7\u30b9\u30c6\u30e0\u306b\u640d\u5bb3\u3092\u4e0e\u3048\u306a\u3044\u3053\u3068\u3002.<\/p>\n\n\n\n<h3 class=\"wp-block-heading\">\u30af\u30c3\u30ad\u30fc\u3092\u30d6\u30ed\u30c3\u30af\u3059\u308b\uff1a<\/h3>\n\n\n\n<p>\u30e6\u30fc\u30b6\u30fc\u306f\u3001\u5f53\u30b5\u30a4\u30c8\u3092\u542b\u3080\u3042\u3089\u3086\u308b\u30a6\u30a7\u30d6\u30b5\u30a4\u30c8\u304b\u3089\u306eCookie\u3092\u3044\u3064\u3067\u3082\u30d6\u30ed\u30c3\u30af\u307e\u305f\u306f\u7121\u52b9\u306b\u3059\u308b\u3053\u3068\u304c\u3067\u304d\u307e\u3059\u3002\u3053\u308c\u3092\u884c\u3046\u306b\u306f\u3001\u30d6\u30e9\u30a6\u30b6\u306e\u8a2d\u5b9a\u306b\u30a2\u30af\u30bb\u30b9\u3057\u3066\u304f\u3060\u3055\u3044\u3002\u4e3b\u8981\u30d6\u30e9\u30a6\u30b6\u306e\u30d8\u30eb\u30d7\u30ac\u30a4\u30c9\u306f\u4ee5\u4e0b\u3092\u3054\u89a7\u304f\u3060\u3055\u3044\u3002<\/p>\n\n\n\n<ul class=\"wp-block-list\">\n<li>Google Chrome<\/li>\n\n\n\n<li>\u30d5\u30a1\u30a4\u30a2\u30d5\u30a9\u30c3\u30af\u30b9<\/li>\n\n\n\n<li>Microsoft Edge<\/li>\n\n\n\n<li>\u30aa\u30da\u30e9<\/li>\n\n\n\n<li>\u30b5\u30d5\u30a1\u30ea<\/li>\n<\/ul>\n\n\n\n<h2 class=\"wp-block-heading\">\u8a73\u7d30\u60c5\u5831<\/h2>\n\n\n\n<p>\u3054\u7406\u89e3\u3044\u305f\u3060\u3051\u305f\u3067\u3057\u3087\u3046\u304b\u3002\u307e\u305f\u3001\u524d\u8ff0\u306e\u3068\u304a\u308a\u3001\u5fc5\u8981\u304b\u3069\u3046\u304b\u4e0d\u660e\u306a\u5834\u5408\u306f\u3001\u5f53\u30a6\u30a7\u30d6\u30b5\u30a4\u30c8\u306e\u6a5f\u80fd\u3092\u5229\u7528\u3059\u308b\u969b\u306b\u30af\u30c3\u30ad\u30fc\u304c\u6709\u52b9\u306b\u306a\u3063\u3066\u3044\u308b\u53ef\u80fd\u6027\u304c\u3042\u308b\u305f\u3081\u3001\u30af\u30c3\u30ad\u30fc\u3092\u6709\u52b9\u306b\u3057\u3066\u304a\u304f\u65b9\u304c\u4e00\u822c\u7684\u306b\u5b89\u5168\u3067\u3059\u3002 <strong>finance.belivedigital.com<\/strong>.<\/p>\n\n\n\n<p>\u3053\u306e\u30dd\u30ea\u30b7\u30fc\u306f\u3001 <strong>2024\u5e743\u6708<\/strong>.<\/p>\n<\/body><\/html>","protected":false},"excerpt":{"rendered":"<p>Pol\u00edtica de Privacidade Levamos a sua privacidade a s\u00e9rio. Na Finance Belive Digital, estamos comprometidos em proteger a sua privacidade em todas as informa\u00e7\u00f5es que possam ser coletadas em nosso site e em quaisquer outros sites sob nossa gest\u00e3o. Coletamos dados pessoais apenas quando \u00e9 estritamente necess\u00e1rio para lhe fornecer nossos servi\u00e7os. Este processo \u00e9 realizado de forma justa e com total transpar\u00eancia, sempre com o seu consentimento informado. Al\u00e9m disso, explicamos os motivos da coleta e o uso que ser\u00e1 feito das informa\u00e7\u00f5es. Retemos os dados coletados apenas pelo tempo necess\u00e1rio para cumprir o servi\u00e7o solicitado. Utilizamos medidas de seguran\u00e7a padr\u00e3o comercial para proteger os dados armazenados contra qualquer [&hellip;]<\/p>\n","protected":false},"author":1,"featured_media":0,"parent":0,"menu_order":0,"comment_status":"closed","ping_status":"open","template":"","meta":{"footnotes":""},"class_list":["post-3","page","type-page","status-publish","hentry"],"_links":{"self":[{"href":"https:\/\/finance.belivedigital.com\/ja\/wp-json\/wp\/v2\/pages\/3","targetHints":{"allow":["GET"]}}],"collection":[{"href":"https:\/\/finance.belivedigital.com\/ja\/wp-json\/wp\/v2\/pages"}],"about":[{"href":"https:\/\/finance.belivedigital.com\/ja\/wp-json\/wp\/v2\/types\/page"}],"author":[{"embeddable":true,"href":"https:\/\/finance.belivedigital.com\/ja\/wp-json\/wp\/v2\/users\/1"}],"replies":[{"embeddable":true,"href":"https:\/\/finance.belivedigital.com\/ja\/wp-json\/wp\/v2\/comments?post=3"}],"version-history":[{"count":3,"href":"https:\/\/finance.belivedigital.com\/ja\/wp-json\/wp\/v2\/pages\/3\/revisions"}],"predecessor-version":[{"id":191,"href":"https:\/\/finance.belivedigital.com\/ja\/wp-json\/wp\/v2\/pages\/3\/revisions\/191"}],"wp:attachment":[{"href":"https:\/\/finance.belivedigital.com\/ja\/wp-json\/wp\/v2\/media?parent=3"}],"curies":[{"name":"wp","href":"https:\/\/api.w.org\/{rel}","templated":true}]}}